{"id":458,"date":"2023-03-05T17:02:59","date_gmt":"2023-03-05T14:02:59","guid":{"rendered":"http:\/\/www.kocpalet.com\/?page_id=458"},"modified":"2023-04-02T21:20:27","modified_gmt":"2023-04-02T18:20:27","slug":"koc-kulubeleri","status":"publish","type":"page","link":"https:\/\/www.kocpalet.com\/index.php\/koc-kulubeleri\/","title":{"rendered":"K\u00f6pek Kul\u00fcbeleri"},"content":{"rendered":"\t\t<div data-elementor-type=\"wp-page\" data-elementor-id=\"458\" class=\"elementor elementor-458\">\n\t\t\t\t\t\t<section class=\"elementor-section elementor-top-section elementor-element elementor-element-c319529 elementor-section-stretched elementor-section-boxed elementor-section-height-default elementor-section-height-default\" data-id=\"c319529\" data-element_type=\"section\" data-e-type=\"section\" data-settings=\"{&quot;stretch_section&quot;:&quot;section-stretched&quot;}\">\n\t\t\t\t\t\t<div class=\"elementor-container elementor-column-gap-default\">\n\t\t\t\t\t<div class=\"elementor-column elementor-col-100 elementor-top-column elementor-element elementor-element-34896f7\" data-id=\"34896f7\" data-element_type=\"column\" data-e-type=\"column\">\n\t\t\t<div class=\"elementor-widget-wrap elementor-element-populated\">\n\t\t\t\t\t\t<div class=\"elementor-element elementor-element-798b36c elementor-widget elementor-widget-text-editor\" data-id=\"798b36c\" data-element_type=\"widget\" data-e-type=\"widget\" data-widget_type=\"text-editor.default\">\n\t\t\t\t<div class=\"elementor-widget-container\">\n\t\t\t\t\t\t\t\t\t<p>K\u00f6pek kul\u00fcbelerimiz, k\u00f6pe\u011finizin sa\u011fl\u0131\u011f\u0131na uygun, dayan\u0131kl\u0131 ve kaliteli malzemeler kullan\u0131larak \u00fcretilir. Farkl\u0131 boyutlarda ve tasar\u0131mlarda bulunan kul\u00fcbelerimiz, k\u00f6pe\u011finizin boyutlar\u0131na ve ihtiya\u00e7lar\u0131na g\u00f6re se\u00e7ilebilir. Hem a\u00e7\u0131k hem de kapal\u0131 alanlarla tasarlanan kul\u00fcbelerimiz, k\u00f6pe\u011finizin her t\u00fcrl\u00fc hava ko\u015fulunda korunmas\u0131n\u0131 sa\u011flar.<\/p><p>\u00dcr\u00fcnlerimiz, ah\u015fap veya PVC gibi suya ve neme dayan\u0131kl\u0131 malzemelerden \u00fcretilir. Ayr\u0131ca, \u00fcr\u00fcnlerimiz \u0131s\u0131l i\u015flem uygulanarak haz\u0131rlan\u0131r ve zararl\u0131 organizmalar\u0131n olu\u015fmas\u0131n\u0131 engeller. Bu sayede, k\u00f6peklerimizin g\u00fcvenli\u011fi ve sa\u011fl\u0131\u011f\u0131na da \u00f6nem verilir.<\/p><p>K\u00f6pek kul\u00fcbelerimiz, kurulumu kolay, ta\u015f\u0131mas\u0131 kolay ve kolayca temizlenebilir \u00f6zellikleri ile kullan\u0131m\u0131 \u00e7ok rahatt\u0131r. Ayr\u0131ca, kul\u00fcbelerimiz geni\u015f kap\u0131lar\u0131 ve pencereleri ile k\u00f6peklerinizin kul\u00fcbede rahat\u00e7a hareket edebilmelerine ve hava ak\u0131m\u0131n\u0131n sa\u011flanmas\u0131na imkan tan\u0131r.<\/p><p>Sat\u0131n almadan \u00f6nce, k\u00f6pek kul\u00fcbesinin evinize uygun boyutta olup olmad\u0131\u011f\u0131n\u0131 kontrol etmenizi \u00f6neririz. Evcil hayvan\u0131n\u0131z\u0131n rahat edebilmesi i\u00e7in kul\u00fcbenin yeterli alan\u0131 ve y\u00fcksekli\u011fi olmas\u0131 gerekir.<\/p><p>Sonu\u00e7 olarak, k\u00f6pek kul\u00fcbeleri, k\u00f6peklerin sa\u011fl\u0131kl\u0131, mutlu ve g\u00fcvende kalabilmeleri i\u00e7in olmazsa olmaz bir ihtiya\u00e7t\u0131r. Kaliteli ve dayan\u0131kl\u0131 malzemelerden \u00fcretilen kul\u00fcbelerimiz, k\u00f6pe\u011finizin rahat ve g\u00fcvenli bir bar\u0131na\u011fa sahip olmas\u0131n\u0131 sa\u011flar. Siz de bizimle ileti\u015fime ge\u00e7erek, k\u00f6pekleriniz i\u00e7in en uygun kul\u00fcbeyi sat\u0131n alabilirsiniz.<\/p>\t\t\t\t\t\t\t\t<\/div>\n\t\t\t\t<\/div>\n\t\t\t\t\t<\/div>\n\t\t<\/div>\n\t\t\t\t\t<\/div>\n\t\t<\/section>\n\t\t\t\t<section class=\"elementor-section elementor-top-section elementor-element elementor-element-ed8dcf3 elementor-section-stretched elementor-section-boxed elementor-section-height-default elementor-section-height-default\" data-id=\"ed8dcf3\" data-element_type=\"section\" data-e-type=\"section\" data-settings=\"{&quot;stretch_section&quot;:&quot;section-stretched&quot;}\">\n\t\t\t\t\t\t<div class=\"elementor-container elementor-column-gap-default\">\n\t\t\t\t\t<div class=\"elementor-column elementor-col-100 elementor-top-column elementor-element elementor-element-fde12b1\" data-id=\"fde12b1\" data-element_type=\"column\" data-e-type=\"column\">\n\t\t\t<div class=\"elementor-widget-wrap elementor-element-populated\">\n\t\t\t\t\t\t<div class=\"elementor-element elementor-element-2db75dc elementor-widget elementor-widget-image-gallery\" data-id=\"2db75dc\" data-element_type=\"widget\" data-e-type=\"widget\" data-widget_type=\"image-gallery.default\">\n\t\t\t\t<div class=\"elementor-widget-container\">\n\t\t\t\t\t\t\t<div class=\"elementor-image-gallery\">\n\t\t\t<div id='gallery-1' class='gallery galleryid-458 gallery-columns-4 gallery-size-bizberg_blog_list_no_sidebar_1'><figure class='gallery-item'>\n\t\t\t<div class='gallery-icon landscape'>\n\t\t\t\t<a data-elementor-open-lightbox=\"yes\" data-elementor-lightbox-slideshow=\"2db75dc\" data-elementor-lightbox-title=\"20201125_130301_Richtone(HDR)\" data-e-action-hash=\"#elementor-action%3Aaction%3Dlightbox%26settings%3DeyJpZCI6NzQwLCJ1cmwiOiJodHRwczpcL1wvd3d3LmtvY3BhbGV0LmNvbVwvd3AtY29udGVudFwvdXBsb2Fkc1wvMjAyM1wvMDRcLzIwMjAxMTI1XzEzMDMwMV9SaWNodG9uZUhEUi5qcGciLCJzbGlkZXNob3ciOiIyZGI3NWRjIn0%3D\" href='https:\/\/www.kocpalet.com\/wp-content\/uploads\/2023\/04\/20201125_130301_RichtoneHDR.jpg'><img decoding=\"async\" width=\"220\" height=\"190\" src=\"https:\/\/www.kocpalet.com\/wp-content\/uploads\/2023\/04\/20201125_130301_RichtoneHDR-220x190.jpg\" class=\"attachment-bizberg_blog_list_no_sidebar_1 size-bizberg_blog_list_no_sidebar_1\" alt=\"\" \/><\/a>\n\t\t\t<\/div><\/figure><figure class='gallery-item'>\n\t\t\t<div class='gallery-icon landscape'>\n\t\t\t\t<a data-elementor-open-lightbox=\"yes\" data-elementor-lightbox-slideshow=\"2db75dc\" data-elementor-lightbox-title=\"20210503_110237\" data-e-action-hash=\"#elementor-action%3Aaction%3Dlightbox%26settings%3DeyJpZCI6NTU0LCJ1cmwiOiJodHRwczpcL1wvd3d3LmtvY3BhbGV0LmNvbVwvd3AtY29udGVudFwvdXBsb2Fkc1wvMjAyM1wvMDNcLzIwMjEwNTAzXzExMDIzNy5qcGciLCJzbGlkZXNob3ciOiIyZGI3NWRjIn0%3D\" href='https:\/\/www.kocpalet.com\/wp-content\/uploads\/2023\/03\/20210503_110237.jpg'><img decoding=\"async\" width=\"220\" height=\"190\" src=\"https:\/\/www.kocpalet.com\/wp-content\/uploads\/2023\/03\/20210503_110237-220x190.jpg\" class=\"attachment-bizberg_blog_list_no_sidebar_1 size-bizberg_blog_list_no_sidebar_1\" alt=\"\" \/><\/a>\n\t\t\t<\/div><\/figure><figure class='gallery-item'>\n\t\t\t<div class='gallery-icon portrait'>\n\t\t\t\t<a data-elementor-open-lightbox=\"yes\" data-elementor-lightbox-slideshow=\"2db75dc\" data-elementor-lightbox-title=\"20220613_195704\" data-e-action-hash=\"#elementor-action%3Aaction%3Dlightbox%26settings%3DeyJpZCI6NDYxLCJ1cmwiOiJodHRwczpcL1wvd3d3LmtvY3BhbGV0LmNvbVwvd3AtY29udGVudFwvdXBsb2Fkc1wvMjAyM1wvMDNcLzIwMjIwNjEzXzE5NTcwNC1zY2FsZWQuanBnIiwic2xpZGVzaG93IjoiMmRiNzVkYyJ9\" href='https:\/\/www.kocpalet.com\/wp-content\/uploads\/2023\/03\/20220613_195704-scaled.jpg'><img decoding=\"async\" width=\"220\" height=\"190\" src=\"https:\/\/www.kocpalet.com\/wp-content\/uploads\/2023\/03\/20220613_195704-220x190.jpg\" class=\"attachment-bizberg_blog_list_no_sidebar_1 size-bizberg_blog_list_no_sidebar_1\" alt=\"\" \/><\/a>\n\t\t\t<\/div><\/figure><figure class='gallery-item'>\n\t\t\t<div class='gallery-icon portrait'>\n\t\t\t\t<a data-elementor-open-lightbox=\"yes\" data-elementor-lightbox-slideshow=\"2db75dc\" data-elementor-lightbox-title=\"20211006_174717\" data-e-action-hash=\"#elementor-action%3Aaction%3Dlightbox%26settings%3DeyJpZCI6NDEzLCJ1cmwiOiJodHRwczpcL1wvd3d3LmtvY3BhbGV0LmNvbVwvd3AtY29udGVudFwvdXBsb2Fkc1wvMjAyM1wvMDJcLzIwMjExMDA2XzE3NDcxNy1zY2FsZWQuanBnIiwic2xpZGVzaG93IjoiMmRiNzVkYyJ9\" href='https:\/\/www.kocpalet.com\/wp-content\/uploads\/2023\/02\/20211006_174717-scaled.jpg'><img loading=\"lazy\" decoding=\"async\" width=\"220\" height=\"190\" src=\"https:\/\/www.kocpalet.com\/wp-content\/uploads\/2023\/02\/20211006_174717-220x190.jpg\" class=\"attachment-bizberg_blog_list_no_sidebar_1 size-bizberg_blog_list_no_sidebar_1\" alt=\"\" \/><\/a>\n\t\t\t<\/div><\/figure><figure class='gallery-item'>\n\t\t\t<div class='gallery-icon portrait'>\n\t\t\t\t<a data-elementor-open-lightbox=\"yes\" data-elementor-lightbox-slideshow=\"2db75dc\" data-elementor-lightbox-title=\"20211016_161218\" data-e-action-hash=\"#elementor-action%3Aaction%3Dlightbox%26settings%3DeyJpZCI6NDYzLCJ1cmwiOiJodHRwczpcL1wvd3d3LmtvY3BhbGV0LmNvbVwvd3AtY29udGVudFwvdXBsb2Fkc1wvMjAyM1wvMDNcLzIwMjExMDE2XzE2MTIxOC1zY2FsZWQuanBnIiwic2xpZGVzaG93IjoiMmRiNzVkYyJ9\" href='https:\/\/www.kocpalet.com\/wp-content\/uploads\/2023\/03\/20211016_161218-scaled.jpg'><img loading=\"lazy\" decoding=\"async\" width=\"220\" height=\"190\" src=\"https:\/\/www.kocpalet.com\/wp-content\/uploads\/2023\/03\/20211016_161218-220x190.jpg\" class=\"attachment-bizberg_blog_list_no_sidebar_1 size-bizberg_blog_list_no_sidebar_1\" alt=\"\" \/><\/a>\n\t\t\t<\/div><\/figure><figure class='gallery-item'>\n\t\t\t<div class='gallery-icon landscape'>\n\t\t\t\t<a data-elementor-open-lightbox=\"yes\" data-elementor-lightbox-slideshow=\"2db75dc\" data-elementor-lightbox-title=\"Exif_JPEG_420\" data-e-action-hash=\"#elementor-action%3Aaction%3Dlightbox%26settings%3DeyJpZCI6NDYwLCJ1cmwiOiJodHRwczpcL1wvd3d3LmtvY3BhbGV0LmNvbVwvd3AtY29udGVudFwvdXBsb2Fkc1wvMjAyM1wvMDNcL0lNR18yMDIyMDcxN18xMzEwNDktc2NhbGVkLmpwZyIsInNsaWRlc2hvdyI6IjJkYjc1ZGMifQ%3D%3D\" href='https:\/\/www.kocpalet.com\/wp-content\/uploads\/2023\/03\/IMG_20220717_131049-scaled.jpg'><img loading=\"lazy\" decoding=\"async\" width=\"220\" height=\"190\" src=\"https:\/\/www.kocpalet.com\/wp-content\/uploads\/2023\/03\/IMG_20220717_131049-220x190.jpg\" class=\"attachment-bizberg_blog_list_no_sidebar_1 size-bizberg_blog_list_no_sidebar_1\" alt=\"\" \/><\/a>\n\t\t\t<\/div><\/figure><figure class='gallery-item'>\n\t\t\t<div class='gallery-icon landscape'>\n\t\t\t\t<a data-elementor-open-lightbox=\"yes\" data-elementor-lightbox-slideshow=\"2db75dc\" data-elementor-lightbox-title=\"Exif_JPEG_420\" data-e-action-hash=\"#elementor-action%3Aaction%3Dlightbox%26settings%3DeyJpZCI6NDI1LCJ1cmwiOiJodHRwczpcL1wvd3d3LmtvY3BhbGV0LmNvbVwvd3AtY29udGVudFwvdXBsb2Fkc1wvMjAyM1wvMDNcL0lNR18yMDIyMDcxN18xMzEwMDgtc2NhbGVkLmpwZyIsInNsaWRlc2hvdyI6IjJkYjc1ZGMifQ%3D%3D\" href='https:\/\/www.kocpalet.com\/wp-content\/uploads\/2023\/03\/IMG_20220717_131008-scaled.jpg'><img loading=\"lazy\" decoding=\"async\" width=\"220\" height=\"190\" src=\"https:\/\/www.kocpalet.com\/wp-content\/uploads\/2023\/03\/IMG_20220717_131008-220x190.jpg\" class=\"attachment-bizberg_blog_list_no_sidebar_1 size-bizberg_blog_list_no_sidebar_1\" alt=\"\" \/><\/a>\n\t\t\t<\/div><\/figure><figure class='gallery-item'>\n\t\t\t<div class='gallery-icon landscape'>\n\t\t\t\t<a data-elementor-open-lightbox=\"yes\" data-elementor-lightbox-slideshow=\"2db75dc\" data-elementor-lightbox-title=\"20200703_135029_001\" data-e-action-hash=\"#elementor-action%3Aaction%3Dlightbox%26settings%3DeyJpZCI6NTQ5LCJ1cmwiOiJodHRwczpcL1wvd3d3LmtvY3BhbGV0LmNvbVwvd3AtY29udGVudFwvdXBsb2Fkc1wvMjAyM1wvMDNcLzIwMjAwNzAzXzEzNTAyOV8wMDEtc2NhbGVkLmpwZyIsInNsaWRlc2hvdyI6IjJkYjc1ZGMifQ%3D%3D\" href='https:\/\/www.kocpalet.com\/wp-content\/uploads\/2023\/03\/20200703_135029_001-scaled.jpg'><img loading=\"lazy\" decoding=\"async\" width=\"220\" height=\"190\" src=\"https:\/\/www.kocpalet.com\/wp-content\/uploads\/2023\/03\/20200703_135029_001-220x190.jpg\" class=\"attachment-bizberg_blog_list_no_sidebar_1 size-bizberg_blog_list_no_sidebar_1\" alt=\"\" \/><\/a>\n\t\t\t<\/div><\/figure><figure class='gallery-item'>\n\t\t\t<div class='gallery-icon portrait'>\n\t\t\t\t<a data-elementor-open-lightbox=\"yes\" data-elementor-lightbox-slideshow=\"2db75dc\" data-elementor-lightbox-title=\"20210111_174637_Richtone(HDR)\" data-e-action-hash=\"#elementor-action%3Aaction%3Dlightbox%26settings%3DeyJpZCI6NTUwLCJ1cmwiOiJodHRwczpcL1wvd3d3LmtvY3BhbGV0LmNvbVwvd3AtY29udGVudFwvdXBsb2Fkc1wvMjAyM1wvMDNcLzIwMjEwMTExXzE3NDYzN19SaWNodG9uZUhEUi1zY2FsZWQuanBnIiwic2xpZGVzaG93IjoiMmRiNzVkYyJ9\" href='https:\/\/www.kocpalet.com\/wp-content\/uploads\/2023\/03\/20210111_174637_RichtoneHDR-scaled.jpg'><img loading=\"lazy\" decoding=\"async\" width=\"220\" height=\"190\" src=\"https:\/\/www.kocpalet.com\/wp-content\/uploads\/2023\/03\/20210111_174637_RichtoneHDR-220x190.jpg\" class=\"attachment-bizberg_blog_list_no_sidebar_1 size-bizberg_blog_list_no_sidebar_1\" alt=\"\" \/><\/a>\n\t\t\t<\/div><\/figure><figure class='gallery-item'>\n\t\t\t<div class='gallery-icon portrait'>\n\t\t\t\t<a data-elementor-open-lightbox=\"yes\" data-elementor-lightbox-slideshow=\"2db75dc\" data-elementor-lightbox-title=\"20210212_134459_Richtone(HDR)\" data-e-action-hash=\"#elementor-action%3Aaction%3Dlightbox%26settings%3DeyJpZCI6NTUxLCJ1cmwiOiJodHRwczpcL1wvd3d3LmtvY3BhbGV0LmNvbVwvd3AtY29udGVudFwvdXBsb2Fkc1wvMjAyM1wvMDNcLzIwMjEwMjEyXzEzNDQ1OV9SaWNodG9uZUhEUi1zY2FsZWQuanBnIiwic2xpZGVzaG93IjoiMmRiNzVkYyJ9\" href='https:\/\/www.kocpalet.com\/wp-content\/uploads\/2023\/03\/20210212_134459_RichtoneHDR-scaled.jpg'><img loading=\"lazy\" decoding=\"async\" width=\"220\" height=\"190\" src=\"https:\/\/www.kocpalet.com\/wp-content\/uploads\/2023\/03\/20210212_134459_RichtoneHDR-220x190.jpg\" class=\"attachment-bizberg_blog_list_no_sidebar_1 size-bizberg_blog_list_no_sidebar_1\" alt=\"\" \/><\/a>\n\t\t\t<\/div><\/figure><figure class='gallery-item'>\n\t\t\t<div class='gallery-icon portrait'>\n\t\t\t\t<a data-elementor-open-lightbox=\"yes\" data-elementor-lightbox-slideshow=\"2db75dc\" data-elementor-lightbox-title=\"20210212_134538_Richtone(HDR)\" data-e-action-hash=\"#elementor-action%3Aaction%3Dlightbox%26settings%3DeyJpZCI6NTUyLCJ1cmwiOiJodHRwczpcL1wvd3d3LmtvY3BhbGV0LmNvbVwvd3AtY29udGVudFwvdXBsb2Fkc1wvMjAyM1wvMDNcLzIwMjEwMjEyXzEzNDUzOF9SaWNodG9uZUhEUi1zY2FsZWQuanBnIiwic2xpZGVzaG93IjoiMmRiNzVkYyJ9\" href='https:\/\/www.kocpalet.com\/wp-content\/uploads\/2023\/03\/20210212_134538_RichtoneHDR-scaled.jpg'><img loading=\"lazy\" decoding=\"async\" width=\"220\" height=\"190\" src=\"https:\/\/www.kocpalet.com\/wp-content\/uploads\/2023\/03\/20210212_134538_RichtoneHDR-220x190.jpg\" class=\"attachment-bizberg_blog_list_no_sidebar_1 size-bizberg_blog_list_no_sidebar_1\" alt=\"\" \/><\/a>\n\t\t\t<\/div><\/figure><figure class='gallery-item'>\n\t\t\t<div class='gallery-icon landscape'>\n\t\t\t\t<a data-elementor-open-lightbox=\"yes\" data-elementor-lightbox-slideshow=\"2db75dc\" data-elementor-lightbox-title=\"20210426_115429\" data-e-action-hash=\"#elementor-action%3Aaction%3Dlightbox%26settings%3DeyJpZCI6NTUzLCJ1cmwiOiJodHRwczpcL1wvd3d3LmtvY3BhbGV0LmNvbVwvd3AtY29udGVudFwvdXBsb2Fkc1wvMjAyM1wvMDNcLzIwMjEwNDI2XzExNTQyOS5qcGciLCJzbGlkZXNob3ciOiIyZGI3NWRjIn0%3D\" href='https:\/\/www.kocpalet.com\/wp-content\/uploads\/2023\/03\/20210426_115429.jpg'><img loading=\"lazy\" decoding=\"async\" width=\"220\" height=\"190\" src=\"https:\/\/www.kocpalet.com\/wp-content\/uploads\/2023\/03\/20210426_115429-220x190.jpg\" class=\"attachment-bizberg_blog_list_no_sidebar_1 size-bizberg_blog_list_no_sidebar_1\" alt=\"\" \/><\/a>\n\t\t\t<\/div><\/figure><figure class='gallery-item'>\n\t\t\t<div class='gallery-icon landscape'>\n\t\t\t\t<a data-elementor-open-lightbox=\"yes\" data-elementor-lightbox-slideshow=\"2db75dc\" data-elementor-lightbox-title=\"20210503_110350\" data-e-action-hash=\"#elementor-action%3Aaction%3Dlightbox%26settings%3DeyJpZCI6NTU2LCJ1cmwiOiJodHRwczpcL1wvd3d3LmtvY3BhbGV0LmNvbVwvd3AtY29udGVudFwvdXBsb2Fkc1wvMjAyM1wvMDNcLzIwMjEwNTAzXzExMDM1MC5qcGciLCJzbGlkZXNob3ciOiIyZGI3NWRjIn0%3D\" href='https:\/\/www.kocpalet.com\/wp-content\/uploads\/2023\/03\/20210503_110350.jpg'><img loading=\"lazy\" decoding=\"async\" width=\"220\" height=\"190\" src=\"https:\/\/www.kocpalet.com\/wp-content\/uploads\/2023\/03\/20210503_110350-220x190.jpg\" class=\"attachment-bizberg_blog_list_no_sidebar_1 size-bizberg_blog_list_no_sidebar_1\" alt=\"\" \/><\/a>\n\t\t\t<\/div><\/figure><figure class='gallery-item'>\n\t\t\t<div class='gallery-icon landscape'>\n\t\t\t\t<a data-elementor-open-lightbox=\"yes\" data-elementor-lightbox-slideshow=\"2db75dc\" data-elementor-lightbox-title=\"20210511_135944\" data-e-action-hash=\"#elementor-action%3Aaction%3Dlightbox%26settings%3DeyJpZCI6NTYyLCJ1cmwiOiJodHRwczpcL1wvd3d3LmtvY3BhbGV0LmNvbVwvd3AtY29udGVudFwvdXBsb2Fkc1wvMjAyM1wvMDNcLzIwMjEwNTExXzEzNTk0NC5qcGciLCJzbGlkZXNob3ciOiIyZGI3NWRjIn0%3D\" href='https:\/\/www.kocpalet.com\/wp-content\/uploads\/2023\/03\/20210511_135944.jpg'><img loading=\"lazy\" decoding=\"async\" width=\"220\" height=\"190\" src=\"https:\/\/www.kocpalet.com\/wp-content\/uploads\/2023\/03\/20210511_135944-220x190.jpg\" class=\"attachment-bizberg_blog_list_no_sidebar_1 size-bizberg_blog_list_no_sidebar_1\" alt=\"\" \/><\/a>\n\t\t\t<\/div><\/figure><figure class='gallery-item'>\n\t\t\t<div class='gallery-icon landscape'>\n\t\t\t\t<a data-elementor-open-lightbox=\"yes\" data-elementor-lightbox-slideshow=\"2db75dc\" data-elementor-lightbox-title=\"20161006_141307\" data-e-action-hash=\"#elementor-action%3Aaction%3Dlightbox%26settings%3DeyJpZCI6NzM3LCJ1cmwiOiJodHRwczpcL1wvd3d3LmtvY3BhbGV0LmNvbVwvd3AtY29udGVudFwvdXBsb2Fkc1wvMjAyM1wvMDRcLzIwMTYxMDA2XzE0MTMwNy5qcGciLCJzbGlkZXNob3ciOiIyZGI3NWRjIn0%3D\" href='https:\/\/www.kocpalet.com\/wp-content\/uploads\/2023\/04\/20161006_141307.jpg'><img loading=\"lazy\" decoding=\"async\" width=\"220\" height=\"190\" src=\"https:\/\/www.kocpalet.com\/wp-content\/uploads\/2023\/04\/20161006_141307-220x190.jpg\" class=\"attachment-bizberg_blog_list_no_sidebar_1 size-bizberg_blog_list_no_sidebar_1\" alt=\"\" \/><\/a>\n\t\t\t<\/div><\/figure><figure class='gallery-item'>\n\t\t\t<div class='gallery-icon landscape'>\n\t\t\t\t<a data-elementor-open-lightbox=\"yes\" data-elementor-lightbox-slideshow=\"2db75dc\" data-elementor-lightbox-title=\"20171211_164303\" data-e-action-hash=\"#elementor-action%3Aaction%3Dlightbox%26settings%3DeyJpZCI6NzM4LCJ1cmwiOiJodHRwczpcL1wvd3d3LmtvY3BhbGV0LmNvbVwvd3AtY29udGVudFwvdXBsb2Fkc1wvMjAyM1wvMDRcLzIwMTcxMjExXzE2NDMwMy5qcGciLCJzbGlkZXNob3ciOiIyZGI3NWRjIn0%3D\" href='https:\/\/www.kocpalet.com\/wp-content\/uploads\/2023\/04\/20171211_164303.jpg'><img loading=\"lazy\" decoding=\"async\" width=\"220\" height=\"190\" src=\"https:\/\/www.kocpalet.com\/wp-content\/uploads\/2023\/04\/20171211_164303-220x190.jpg\" class=\"attachment-bizberg_blog_list_no_sidebar_1 size-bizberg_blog_list_no_sidebar_1\" alt=\"\" \/><\/a>\n\t\t\t<\/div><\/figure><figure class='gallery-item'>\n\t\t\t<div class='gallery-icon landscape'>\n\t\t\t\t<a data-elementor-open-lightbox=\"yes\" data-elementor-lightbox-slideshow=\"2db75dc\" data-elementor-lightbox-title=\"20180728_175654\" data-e-action-hash=\"#elementor-action%3Aaction%3Dlightbox%26settings%3DeyJpZCI6NzM5LCJ1cmwiOiJodHRwczpcL1wvd3d3LmtvY3BhbGV0LmNvbVwvd3AtY29udGVudFwvdXBsb2Fkc1wvMjAyM1wvMDRcLzIwMTgwNzI4XzE3NTY1NC5qcGciLCJzbGlkZXNob3ciOiIyZGI3NWRjIn0%3D\" href='https:\/\/www.kocpalet.com\/wp-content\/uploads\/2023\/04\/20180728_175654.jpg'><img loading=\"lazy\" decoding=\"async\" width=\"220\" height=\"190\" src=\"https:\/\/www.kocpalet.com\/wp-content\/uploads\/2023\/04\/20180728_175654-220x190.jpg\" class=\"attachment-bizberg_blog_list_no_sidebar_1 size-bizberg_blog_list_no_sidebar_1\" alt=\"\" \/><\/a>\n\t\t\t<\/div><\/figure><figure class='gallery-item'>\n\t\t\t<div class='gallery-icon landscape'>\n\t\t\t\t<a data-elementor-open-lightbox=\"yes\" data-elementor-lightbox-slideshow=\"2db75dc\" data-elementor-lightbox-title=\"20210906_103118\" data-e-action-hash=\"#elementor-action%3Aaction%3Dlightbox%26settings%3DeyJpZCI6NzQyLCJ1cmwiOiJodHRwczpcL1wvd3d3LmtvY3BhbGV0LmNvbVwvd3AtY29udGVudFwvdXBsb2Fkc1wvMjAyM1wvMDRcLzIwMjEwOTA2XzEwMzExOC1zY2FsZWQuanBnIiwic2xpZGVzaG93IjoiMmRiNzVkYyJ9\" href='https:\/\/www.kocpalet.com\/wp-content\/uploads\/2023\/04\/20210906_103118-scaled.jpg'><img loading=\"lazy\" decoding=\"async\" width=\"220\" height=\"190\" src=\"https:\/\/www.kocpalet.com\/wp-content\/uploads\/2023\/04\/20210906_103118-220x190.jpg\" class=\"attachment-bizberg_blog_list_no_sidebar_1 size-bizberg_blog_list_no_sidebar_1\" alt=\"\" \/><\/a>\n\t\t\t<\/div><\/figure><figure class='gallery-item'>\n\t\t\t<div class='gallery-icon landscape'>\n\t\t\t\t<a data-elementor-open-lightbox=\"yes\" data-elementor-lightbox-slideshow=\"2db75dc\" data-elementor-lightbox-title=\"DSC01768\" data-e-action-hash=\"#elementor-action%3Aaction%3Dlightbox%26settings%3DeyJpZCI6NzQzLCJ1cmwiOiJodHRwczpcL1wvd3d3LmtvY3BhbGV0LmNvbVwvd3AtY29udGVudFwvdXBsb2Fkc1wvMjAyM1wvMDRcL0RTQzAxNzY4LmpwZyIsInNsaWRlc2hvdyI6IjJkYjc1ZGMifQ%3D%3D\" href='https:\/\/www.kocpalet.com\/wp-content\/uploads\/2023\/04\/DSC01768.jpg'><img loading=\"lazy\" decoding=\"async\" width=\"220\" height=\"190\" src=\"https:\/\/www.kocpalet.com\/wp-content\/uploads\/2023\/04\/DSC01768-220x190.jpg\" class=\"attachment-bizberg_blog_list_no_sidebar_1 size-bizberg_blog_list_no_sidebar_1\" alt=\"\" \/><\/a>\n\t\t\t<\/div><\/figure><figure class='gallery-item'>\n\t\t\t<div class='gallery-icon landscape'>\n\t\t\t\t<a data-elementor-open-lightbox=\"yes\" data-elementor-lightbox-slideshow=\"2db75dc\" data-elementor-lightbox-title=\"Fotog\u0306raf0912\" data-e-action-hash=\"#elementor-action%3Aaction%3Dlightbox%26settings%3DeyJpZCI6NzQ0LCJ1cmwiOiJodHRwczpcL1wvd3d3LmtvY3BhbGV0LmNvbVwvd3AtY29udGVudFwvdXBsb2Fkc1wvMjAyM1wvMDRcL0ZvdG9ncmFmMDkxMi5qcGciLCJzbGlkZXNob3ciOiIyZGI3NWRjIn0%3D\" href='https:\/\/www.kocpalet.com\/wp-content\/uploads\/2023\/04\/Fotograf0912.jpg'><img loading=\"lazy\" decoding=\"async\" width=\"220\" height=\"190\" src=\"https:\/\/www.kocpalet.com\/wp-content\/uploads\/2023\/04\/Fotograf0912-220x190.jpg\" class=\"attachment-bizberg_blog_list_no_sidebar_1 size-bizberg_blog_list_no_sidebar_1\" alt=\"\" \/><\/a>\n\t\t\t<\/div><\/figure>\n\t\t<\/div>\n\t\t<\/div>\n\t\t\t\t\t\t<\/div>\n\t\t\t\t<\/div>\n\t\t\t\t\t<\/div>\n\t\t<\/div>\n\t\t\t\t\t<\/div>\n\t\t<\/section>\n\t\t\t\t<\/div>\n\t\t","protected":false},"excerpt":{"rendered":"<p>K\u00f6pek kul\u00fcbelerimiz, k\u00f6pe\u011finizin sa\u011fl\u0131\u011f\u0131na uygun, dayan\u0131kl\u0131 ve kaliteli malzemeler kullan\u0131larak \u00fcretilir. Farkl\u0131 boyutlarda ve tasar\u0131mlarda bulunan kul\u00fcbelerimiz, k\u00f6pe\u011finizin boyutlar\u0131na ve ihtiya\u00e7lar\u0131na g\u00f6re se\u00e7ilebilir. Hem a\u00e7\u0131k hem de kapal\u0131 alanlarla tasarlanan kul\u00fcbelerimiz, k\u00f6pe\u011finizin her t\u00fcrl\u00fc hava ko\u015fulunda korunmas\u0131n\u0131 sa\u011flar. \u00dcr\u00fcnlerimiz, ah\u015fap veya PVC gibi suya ve neme dayan\u0131kl\u0131 malzemelerden \u00fcretilir. Ayr\u0131ca, \u00fcr\u00fcnlerimiz \u0131s\u0131l i\u015flem uygulanarak haz\u0131rlan\u0131r ve zararl\u0131 organizmalar\u0131n olu\u015fmas\u0131n\u0131 engeller. [&hellip;]<\/p>\n","protected":false},"author":1,"featured_media":0,"parent":0,"menu_order":0,"comment_status":"closed","ping_status":"closed","template":"","meta":{"_eb_attr":"","_joinchat":[],"footnotes":""},"class_list":["post-458","page","type-page","status-publish","hentry"],"_links":{"self":[{"href":"https:\/\/www.kocpalet.com\/index.php\/wp-json\/wp\/v2\/pages\/458","targetHints":{"allow":["GET"]}}],"collection":[{"href":"https:\/\/www.kocpalet.com\/index.php\/wp-json\/wp\/v2\/pages"}],"about":[{"href":"https:\/\/www.kocpalet.com\/index.php\/wp-json\/wp\/v2\/types\/page"}],"author":[{"embeddable":true,"href":"https:\/\/www.kocpalet.com\/index.php\/wp-json\/wp\/v2\/users\/1"}],"replies":[{"embeddable":true,"href":"https:\/\/www.kocpalet.com\/index.php\/wp-json\/wp\/v2\/comments?post=458"}],"version-history":[{"count":14,"href":"https:\/\/www.kocpalet.com\/index.php\/wp-json\/wp\/v2\/pages\/458\/revisions"}],"predecessor-version":[{"id":747,"href":"https:\/\/www.kocpalet.com\/index.php\/wp-json\/wp\/v2\/pages\/458\/revisions\/747"}],"wp:attachment":[{"href":"https:\/\/www.kocpalet.com\/index.php\/wp-json\/wp\/v2\/media?parent=458"}],"curies":[{"name":"wp","href":"https:\/\/api.w.org\/{rel}","templated":true}]}}