{"id":496,"date":"2023-03-26T18:21:10","date_gmt":"2023-03-26T15:21:10","guid":{"rendered":"http:\/\/www.kocpalet.com\/?page_id=496"},"modified":"2023-04-02T01:55:05","modified_gmt":"2023-04-01T22:55:05","slug":"ahsap-amblaj-sandigi-kapali","status":"publish","type":"page","link":"https:\/\/www.kocpalet.com\/index.php\/ahsap-amblaj-sandigi-kapali\/","title":{"rendered":"Ah\u015fap Ambalaj Sand\u0131\u011f\u0131 (KAPALI KASA)"},"content":{"rendered":"\t\t<div data-elementor-type=\"wp-page\" data-elementor-id=\"496\" class=\"elementor elementor-496\">\n\t\t\t\t\t\t<section class=\"elementor-section elementor-top-section elementor-element elementor-element-8ea6252 elementor-section-stretched elementor-section-boxed elementor-section-height-default elementor-section-height-default\" data-id=\"8ea6252\" data-element_type=\"section\" data-e-type=\"section\" data-settings=\"{&quot;stretch_section&quot;:&quot;section-stretched&quot;}\">\n\t\t\t\t\t\t<div class=\"elementor-container elementor-column-gap-default\">\n\t\t\t\t\t<div class=\"elementor-column elementor-col-100 elementor-top-column elementor-element elementor-element-eb51c58\" data-id=\"eb51c58\" data-element_type=\"column\" data-e-type=\"column\">\n\t\t\t<div class=\"elementor-widget-wrap elementor-element-populated\">\n\t\t\t\t\t\t<div class=\"elementor-element elementor-element-690ca0c elementor-widget elementor-widget-text-editor\" data-id=\"690ca0c\" data-element_type=\"widget\" data-e-type=\"widget\" data-widget_type=\"text-editor.default\">\n\t\t\t\t<div class=\"elementor-widget-container\">\n\t\t\t\t\t\t\t\t\t<p>Ah\u015fap ambalaj sand\u0131\u011f\u0131 kapal\u0131 kasalar, \u00fcr\u00fcnlerinizi ta\u015f\u0131rken en y\u00fcksek korumay\u0131 sa\u011flamak i\u00e7in tasarlanm\u0131\u015ft\u0131r. Bu kapal\u0131 kasalar, \u00fcr\u00fcnlerinizin d\u0131\u015f etkenlere kar\u015f\u0131 korunmas\u0131n\u0131, hasar g\u00f6rmesini \u00f6nlemek i\u00e7in \u00f6zel olarak tasarlanm\u0131\u015ft\u0131r.<\/p><p>Web sitemizdeki ah\u015fap ambalaj sand\u0131\u011f\u0131 kapal\u0131 kasalar, en y\u00fcksek kalitede ah\u015fap malzemeler kullan\u0131larak \u00fcretilir ve \u00f6zenle i\u015flenir. Her kasa, \u00fcr\u00fcnlerinizi g\u00fcvenli bir \u015fekilde ta\u015f\u0131mak i\u00e7in dayan\u0131kl\u0131 ve g\u00fcvenlidir. Ayr\u0131ca, m\u00fc\u015fterilerimizin ihtiya\u00e7lar\u0131na uygun olarak \u00f6zelle\u015ftirilebilir.<\/p><p>Ah\u015fap ambalaj sand\u0131\u011f\u0131 kapal\u0131 kasalar, end\u00fcstriyel ekipman, a\u011f\u0131r makineler, hassas cihazlar ve di\u011fer b\u00fcy\u00fck \u00fcr\u00fcnlerin ta\u015f\u0131nmas\u0131 i\u00e7in idealdir. Kapal\u0131 kasalar, \u00fcr\u00fcnlerinizi d\u0131\u015f etkenlerden korurken ayn\u0131 zamanda markan\u0131z\u0131n g\u00fcvenilirli\u011fini de artt\u0131r\u0131r.<\/p><p>Web sitemizdeki ah\u015fap ambalaj sand\u0131\u011f\u0131 kapal\u0131 kasalar, g\u00fcvenilir ve dayan\u0131kl\u0131 bir se\u00e7enektir. \u00dcr\u00fcnlerinizi en g\u00fcvenli \u015fekilde ta\u015f\u0131mak i\u00e7in bug\u00fcn bir kasa sat\u0131n al\u0131n veya m\u00fc\u015fteri temsilcilerimizle ileti\u015fime ge\u00e7erek ihtiya\u00e7lar\u0131n\u0131za uygun bir kapal\u0131 kasa tasarlat\u0131n.<\/p>\t\t\t\t\t\t\t\t<\/div>\n\t\t\t\t<\/div>\n\t\t\t\t\t<\/div>\n\t\t<\/div>\n\t\t\t\t\t<\/div>\n\t\t<\/section>\n\t\t\t\t<section class=\"elementor-section elementor-top-section elementor-element elementor-element-3a2f1b6 elementor-section-stretched elementor-section-boxed elementor-section-height-default elementor-section-height-default\" data-id=\"3a2f1b6\" data-element_type=\"section\" data-e-type=\"section\" data-settings=\"{&quot;stretch_section&quot;:&quot;section-stretched&quot;}\">\n\t\t\t\t\t\t<div class=\"elementor-container elementor-column-gap-default\">\n\t\t\t\t\t<div class=\"elementor-column elementor-col-100 elementor-top-column elementor-element elementor-element-d562187\" data-id=\"d562187\" data-element_type=\"column\" data-e-type=\"column\">\n\t\t\t<div class=\"elementor-widget-wrap elementor-element-populated\">\n\t\t\t\t\t\t<div class=\"elementor-element elementor-element-73fe4ae gallery-spacing-custom elementor-widget__width-inherit elementor-invisible elementor-widget elementor-widget-image-gallery\" data-id=\"73fe4ae\" data-element_type=\"widget\" data-e-type=\"widget\" data-settings=\"{&quot;_animation&quot;:&quot;bounceInDown&quot;}\" data-widget_type=\"image-gallery.default\">\n\t\t\t\t<div class=\"elementor-widget-container\">\n\t\t\t\t\t\t\t<div class=\"elementor-image-gallery\">\n\t\t\t<div id='gallery-1' class='gallery galleryid-496 gallery-columns-4 gallery-size-bizberg_blog_list_no_sidebar_1'><figure class='gallery-item'>\n\t\t\t<div class='gallery-icon landscape'>\n\t\t\t\t<a data-elementor-open-lightbox=\"yes\" data-elementor-lightbox-slideshow=\"73fe4ae\" data-elementor-lightbox-title=\"Fotograf0121-duzenlendi-1\" data-e-action-hash=\"#elementor-action%3Aaction%3Dlightbox%26settings%3DeyJpZCI6NjE4LCJ1cmwiOiJodHRwczpcL1wvd3d3LmtvY3BhbGV0LmNvbVwvd3AtY29udGVudFwvdXBsb2Fkc1wvMjAyM1wvMDNcL0ZvdG9ncmFmMDEyMS1kdXplbmxlbmRpLTEuanBnIiwic2xpZGVzaG93IjoiNzNmZTRhZSJ9\" href='https:\/\/www.kocpalet.com\/wp-content\/uploads\/2023\/03\/Fotograf0121-duzenlendi-1.jpg'><img decoding=\"async\" width=\"220\" height=\"190\" src=\"https:\/\/www.kocpalet.com\/wp-content\/uploads\/2023\/03\/Fotograf0121-duzenlendi-1-220x190.jpg\" class=\"attachment-bizberg_blog_list_no_sidebar_1 size-bizberg_blog_list_no_sidebar_1\" alt=\"\" \/><\/a>\n\t\t\t<\/div><\/figure><figure class='gallery-item'>\n\t\t\t<div class='gallery-icon landscape'>\n\t\t\t\t<a data-elementor-open-lightbox=\"yes\" data-elementor-lightbox-slideshow=\"73fe4ae\" data-elementor-lightbox-title=\"Exif_JPEG_420\" data-e-action-hash=\"#elementor-action%3Aaction%3Dlightbox%26settings%3DeyJpZCI6NDExLCJ1cmwiOiJodHRwczpcL1wvd3d3LmtvY3BhbGV0LmNvbVwvd3AtY29udGVudFwvdXBsb2Fkc1wvMjAyM1wvMDJcL0lNR18yMDIyMDgxMl8xNDU5NDAtc2NhbGVkLmpwZyIsInNsaWRlc2hvdyI6IjczZmU0YWUifQ%3D%3D\" href='https:\/\/www.kocpalet.com\/wp-content\/uploads\/2023\/02\/IMG_20220812_145940-scaled.jpg'><img decoding=\"async\" width=\"220\" height=\"190\" src=\"https:\/\/www.kocpalet.com\/wp-content\/uploads\/2023\/02\/IMG_20220812_145940-220x190.jpg\" class=\"attachment-bizberg_blog_list_no_sidebar_1 size-bizberg_blog_list_no_sidebar_1\" alt=\"\" \/><\/a>\n\t\t\t<\/div><\/figure><figure class='gallery-item'>\n\t\t\t<div class='gallery-icon portrait'>\n\t\t\t\t<a data-elementor-open-lightbox=\"yes\" data-elementor-lightbox-slideshow=\"73fe4ae\" data-elementor-lightbox-title=\"Exif_JPEG_420\" data-e-action-hash=\"#elementor-action%3Aaction%3Dlightbox%26settings%3DeyJpZCI6NDk5LCJ1cmwiOiJodHRwczpcL1wvd3d3LmtvY3BhbGV0LmNvbVwvd3AtY29udGVudFwvdXBsb2Fkc1wvMjAyM1wvMDNcL0lNR18yMDIyMTEyNV8wOTMwNTlfSERSLXNjYWxlZC5qcGciLCJzbGlkZXNob3ciOiI3M2ZlNGFlIn0%3D\" href='https:\/\/www.kocpalet.com\/wp-content\/uploads\/2023\/03\/IMG_20221125_093059_HDR-scaled.jpg'><img decoding=\"async\" width=\"220\" height=\"190\" src=\"https:\/\/www.kocpalet.com\/wp-content\/uploads\/2023\/03\/IMG_20221125_093059_HDR-220x190.jpg\" class=\"attachment-bizberg_blog_list_no_sidebar_1 size-bizberg_blog_list_no_sidebar_1\" alt=\"\" \/><\/a>\n\t\t\t<\/div><\/figure><figure class='gallery-item'>\n\t\t\t<div class='gallery-icon portrait'>\n\t\t\t\t<a data-elementor-open-lightbox=\"yes\" data-elementor-lightbox-slideshow=\"73fe4ae\" data-elementor-lightbox-title=\"Exif_JPEG_420\" data-e-action-hash=\"#elementor-action%3Aaction%3Dlightbox%26settings%3DeyJpZCI6NDk4LCJ1cmwiOiJodHRwczpcL1wvd3d3LmtvY3BhbGV0LmNvbVwvd3AtY29udGVudFwvdXBsb2Fkc1wvMjAyM1wvMDNcL0lNR18yMDIzMDMyNF8wODIzMDgtc2NhbGVkLmpwZyIsInNsaWRlc2hvdyI6IjczZmU0YWUifQ%3D%3D\" href='https:\/\/www.kocpalet.com\/wp-content\/uploads\/2023\/03\/IMG_20230324_082308-scaled.jpg'><img loading=\"lazy\" decoding=\"async\" width=\"220\" height=\"190\" src=\"https:\/\/www.kocpalet.com\/wp-content\/uploads\/2023\/03\/IMG_20230324_082308-220x190.jpg\" class=\"attachment-bizberg_blog_list_no_sidebar_1 size-bizberg_blog_list_no_sidebar_1\" alt=\"\" \/><\/a>\n\t\t\t<\/div><\/figure><figure class='gallery-item'>\n\t\t\t<div class='gallery-icon landscape'>\n\t\t\t\t<a data-elementor-open-lightbox=\"yes\" data-elementor-lightbox-slideshow=\"73fe4ae\" data-elementor-lightbox-title=\"20220512_094935\" data-e-action-hash=\"#elementor-action%3Aaction%3Dlightbox%26settings%3DeyJpZCI6NTE3LCJ1cmwiOiJodHRwczpcL1wvd3d3LmtvY3BhbGV0LmNvbVwvd3AtY29udGVudFwvdXBsb2Fkc1wvMjAyM1wvMDNcLzIwMjIwNTEyXzA5NDkzNS1zY2FsZWQuanBnIiwic2xpZGVzaG93IjoiNzNmZTRhZSJ9\" href='https:\/\/www.kocpalet.com\/wp-content\/uploads\/2023\/03\/20220512_094935-scaled.jpg'><img loading=\"lazy\" decoding=\"async\" width=\"220\" height=\"190\" src=\"https:\/\/www.kocpalet.com\/wp-content\/uploads\/2023\/03\/20220512_094935-220x190.jpg\" class=\"attachment-bizberg_blog_list_no_sidebar_1 size-bizberg_blog_list_no_sidebar_1\" alt=\"\" \/><\/a>\n\t\t\t<\/div><\/figure><figure class='gallery-item'>\n\t\t\t<div class='gallery-icon landscape'>\n\t\t\t\t<a data-elementor-open-lightbox=\"yes\" data-elementor-lightbox-slideshow=\"73fe4ae\" data-elementor-lightbox-title=\"20210727_143542\" data-e-action-hash=\"#elementor-action%3Aaction%3Dlightbox%26settings%3DeyJpZCI6NTExLCJ1cmwiOiJodHRwczpcL1wvd3d3LmtvY3BhbGV0LmNvbVwvd3AtY29udGVudFwvdXBsb2Fkc1wvMjAyM1wvMDNcLzIwMjEwNzI3XzE0MzU0Mi1zY2FsZWQuanBnIiwic2xpZGVzaG93IjoiNzNmZTRhZSJ9\" href='https:\/\/www.kocpalet.com\/wp-content\/uploads\/2023\/03\/20210727_143542-scaled.jpg'><img loading=\"lazy\" decoding=\"async\" width=\"220\" height=\"190\" src=\"https:\/\/www.kocpalet.com\/wp-content\/uploads\/2023\/03\/20210727_143542-220x190.jpg\" class=\"attachment-bizberg_blog_list_no_sidebar_1 size-bizberg_blog_list_no_sidebar_1\" alt=\"\" \/><\/a>\n\t\t\t<\/div><\/figure><figure class='gallery-item'>\n\t\t\t<div class='gallery-icon landscape'>\n\t\t\t\t<a data-elementor-open-lightbox=\"yes\" data-elementor-lightbox-slideshow=\"73fe4ae\" data-elementor-lightbox-title=\"20220512_094935\" data-e-action-hash=\"#elementor-action%3Aaction%3Dlightbox%26settings%3DeyJpZCI6NTcyLCJ1cmwiOiJodHRwczpcL1wvd3d3LmtvY3BhbGV0LmNvbVwvd3AtY29udGVudFwvdXBsb2Fkc1wvMjAyM1wvMDNcLzIwMjIwNTEyXzA5NDkzNS0xLXNjYWxlZC5qcGciLCJzbGlkZXNob3ciOiI3M2ZlNGFlIn0%3D\" href='https:\/\/www.kocpalet.com\/wp-content\/uploads\/2023\/03\/20220512_094935-1-scaled.jpg'><img loading=\"lazy\" decoding=\"async\" width=\"220\" height=\"190\" src=\"https:\/\/www.kocpalet.com\/wp-content\/uploads\/2023\/03\/20220512_094935-1-220x190.jpg\" class=\"attachment-bizberg_blog_list_no_sidebar_1 size-bizberg_blog_list_no_sidebar_1\" alt=\"\" \/><\/a>\n\t\t\t<\/div><\/figure><figure class='gallery-item'>\n\t\t\t<div class='gallery-icon landscape'>\n\t\t\t\t<a data-elementor-open-lightbox=\"yes\" data-elementor-lightbox-slideshow=\"73fe4ae\" data-elementor-lightbox-title=\"Exif_JPEG_420\" data-e-action-hash=\"#elementor-action%3Aaction%3Dlightbox%26settings%3DeyJpZCI6NDk3LCJ1cmwiOiJodHRwczpcL1wvd3d3LmtvY3BhbGV0LmNvbVwvd3AtY29udGVudFwvdXBsb2Fkc1wvMjAyM1wvMDNcL0lNR18yMDIyMDkxMl8wOTE0NTlfSERSLXNjYWxlZC5qcGciLCJzbGlkZXNob3ciOiI3M2ZlNGFlIn0%3D\" href='https:\/\/www.kocpalet.com\/wp-content\/uploads\/2023\/03\/IMG_20220912_091459_HDR-scaled.jpg'><img loading=\"lazy\" decoding=\"async\" width=\"220\" height=\"190\" src=\"https:\/\/www.kocpalet.com\/wp-content\/uploads\/2023\/03\/IMG_20220912_091459_HDR-220x190.jpg\" class=\"attachment-bizberg_blog_list_no_sidebar_1 size-bizberg_blog_list_no_sidebar_1\" alt=\"\" \/><\/a>\n\t\t\t<\/div><\/figure>\n\t\t<\/div>\n\t\t<\/div>\n\t\t\t\t\t\t<\/div>\n\t\t\t\t<\/div>\n\t\t\t\t\t<\/div>\n\t\t<\/div>\n\t\t\t\t\t<\/div>\n\t\t<\/section>\n\t\t\t\t<\/div>\n\t\t","protected":false},"excerpt":{"rendered":"<p>Ah\u015fap ambalaj sand\u0131\u011f\u0131 kapal\u0131 kasalar, \u00fcr\u00fcnlerinizi ta\u015f\u0131rken en y\u00fcksek korumay\u0131 sa\u011flamak i\u00e7in tasarlanm\u0131\u015ft\u0131r. Bu kapal\u0131 kasalar, \u00fcr\u00fcnlerinizin d\u0131\u015f etkenlere kar\u015f\u0131 korunmas\u0131n\u0131, hasar g\u00f6rmesini \u00f6nlemek i\u00e7in \u00f6zel olarak tasarlanm\u0131\u015ft\u0131r. Web sitemizdeki ah\u015fap ambalaj sand\u0131\u011f\u0131 kapal\u0131 kasalar, en y\u00fcksek kalitede ah\u015fap malzemeler kullan\u0131larak \u00fcretilir ve \u00f6zenle i\u015flenir. Her kasa, \u00fcr\u00fcnlerinizi g\u00fcvenli bir \u015fekilde ta\u015f\u0131mak i\u00e7in dayan\u0131kl\u0131 ve g\u00fcvenlidir. Ayr\u0131ca, m\u00fc\u015fterilerimizin ihtiya\u00e7lar\u0131na uygun [&hellip;]<\/p>\n","protected":false},"author":1,"featured_media":0,"parent":0,"menu_order":0,"comment_status":"closed","ping_status":"closed","template":"","meta":{"_eb_attr":"","_joinchat":[],"footnotes":""},"class_list":["post-496","page","type-page","status-publish","hentry"],"_links":{"self":[{"href":"https:\/\/www.kocpalet.com\/index.php\/wp-json\/wp\/v2\/pages\/496","targetHints":{"allow":["GET"]}}],"collection":[{"href":"https:\/\/www.kocpalet.com\/index.php\/wp-json\/wp\/v2\/pages"}],"about":[{"href":"https:\/\/www.kocpalet.com\/index.php\/wp-json\/wp\/v2\/types\/page"}],"author":[{"embeddable":true,"href":"https:\/\/www.kocpalet.com\/index.php\/wp-json\/wp\/v2\/users\/1"}],"replies":[{"embeddable":true,"href":"https:\/\/www.kocpalet.com\/index.php\/wp-json\/wp\/v2\/comments?post=496"}],"version-history":[{"count":14,"href":"https:\/\/www.kocpalet.com\/index.php\/wp-json\/wp\/v2\/pages\/496\/revisions"}],"predecessor-version":[{"id":693,"href":"https:\/\/www.kocpalet.com\/index.php\/wp-json\/wp\/v2\/pages\/496\/revisions\/693"}],"wp:attachment":[{"href":"https:\/\/www.kocpalet.com\/index.php\/wp-json\/wp\/v2\/media?parent=496"}],"curies":[{"name":"wp","href":"https:\/\/api.w.org\/{rel}","templated":true}]}}