{"id":503,"date":"2023-03-26T18:23:11","date_gmt":"2023-03-26T15:23:11","guid":{"rendered":"http:\/\/www.kocpalet.com\/?page_id=503"},"modified":"2023-04-02T21:18:45","modified_gmt":"2023-04-02T18:18:45","slug":"ahsap-palet","status":"publish","type":"page","link":"https:\/\/www.kocpalet.com\/index.php\/ahsap-palet\/","title":{"rendered":"Ah\u015fap Palet"},"content":{"rendered":"\t\t<div data-elementor-type=\"wp-page\" data-elementor-id=\"503\" class=\"elementor elementor-503\">\n\t\t\t\t\t\t<section class=\"elementor-section elementor-top-section elementor-element elementor-element-2cff131 elementor-section-stretched elementor-section-boxed elementor-section-height-default elementor-section-height-default\" data-id=\"2cff131\" data-element_type=\"section\" data-e-type=\"section\" data-settings=\"{&quot;stretch_section&quot;:&quot;section-stretched&quot;}\">\n\t\t\t\t\t\t<div class=\"elementor-container elementor-column-gap-default\">\n\t\t\t\t\t<div class=\"elementor-column elementor-col-100 elementor-top-column elementor-element elementor-element-2e34c8d\" data-id=\"2e34c8d\" data-element_type=\"column\" data-e-type=\"column\">\n\t\t\t<div class=\"elementor-widget-wrap elementor-element-populated\">\n\t\t\t\t\t\t<div class=\"elementor-element elementor-element-767e5d7 elementor-widget elementor-widget-text-editor\" data-id=\"767e5d7\" data-element_type=\"widget\" data-e-type=\"widget\" data-widget_type=\"text-editor.default\">\n\t\t\t\t<div class=\"elementor-widget-container\">\n\t\t\t\t\t\t\t\t\t<p>Ah\u015fap paletler, \u00fcr\u00fcnlerinizin ta\u015f\u0131nmas\u0131 ve depolanmas\u0131 i\u00e7in kullan\u0131lan en pop\u00fcler malzemelerden biridir. Ah\u015fap paletler, \u00e7e\u015fitli boyutlarda ve \u00f6zelliklerde mevcuttur ve m\u00fc\u015fterilerinizin ihtiya\u00e7lar\u0131na uyacak \u015fekilde \u00f6zelle\u015ftirilebilirler.<\/p><p>Web sitemizdeki ah\u015fap paletler, y\u00fcksek kaliteli ah\u015fap malzemeler kullan\u0131larak \u00fcretilir ve \u00f6zenle i\u015flenir. Her palet, \u00fcr\u00fcnlerinizi g\u00fcvenli bir \u015fekilde ta\u015f\u0131mak i\u00e7in dayan\u0131kl\u0131 ve g\u00fcvenlidir. Ayr\u0131ca, m\u00fc\u015fterilerimizin ihtiya\u00e7lar\u0131na uygun olarak \u00f6zelle\u015ftirilebilir.<\/p><p>Ah\u015fap paletler, \u00fcr\u00fcnlerinizi ta\u015f\u0131rken en y\u00fcksek korumay\u0131 sa\u011flamak i\u00e7in tasarlanm\u0131\u015ft\u0131r. Bu paletler, \u00fcr\u00fcnlerinizin d\u0131\u015f etkenlere kar\u015f\u0131 korunmas\u0131n\u0131, hasar g\u00f6rmesini \u00f6nlemek i\u00e7in \u00f6zel olarak tasarlanm\u0131\u015ft\u0131r. Ah\u015fap paletler, \u00e7evre dostu bir malzemeden yap\u0131ld\u0131\u011f\u0131 i\u00e7in geri d\u00f6n\u00fc\u015ft\u00fcr\u00fclebilir.<\/p><p>Web sitemizdeki ah\u015fap paletler, bir\u00e7ok end\u00fcstride yayg\u0131n olarak kullan\u0131l\u0131r. G\u0131da, kimya, ila\u00e7 ve di\u011fer end\u00fcstrilerde ah\u015fap paletlerin kullan\u0131m\u0131 olduk\u00e7a yayg\u0131nd\u0131r. Ah\u015fap paletler, \u00fcr\u00fcnlerinizin ta\u015f\u0131nmas\u0131n\u0131 kolayla\u015ft\u0131r\u0131rken ayn\u0131 zamanda i\u015fletmenizin i\u015flemlerini de daha verimli hale getirir.<\/p><p>Web sitemizdeki ah\u015fap paletler, g\u00fcvenilir ve dayan\u0131kl\u0131 bir se\u00e7enektir. \u00dcr\u00fcnlerinizi en g\u00fcvenli \u015fekilde ta\u015f\u0131mak i\u00e7in bug\u00fcn bir palet sat\u0131n al\u0131n veya m\u00fc\u015fteri temsilcilerimizle ileti\u015fime ge\u00e7erek ihtiya\u00e7lar\u0131n\u0131za uygun bir ah\u015fap palet tasarlat\u0131n.<\/p>\t\t\t\t\t\t\t\t<\/div>\n\t\t\t\t<\/div>\n\t\t\t\t\t<\/div>\n\t\t<\/div>\n\t\t\t\t\t<\/div>\n\t\t<\/section>\n\t\t\t\t<section class=\"elementor-section elementor-top-section elementor-element elementor-element-6d34a7c elementor-section-stretched elementor-section-boxed elementor-section-height-default elementor-section-height-default elementor-invisible\" data-id=\"6d34a7c\" data-element_type=\"section\" data-e-type=\"section\" data-settings=\"{&quot;stretch_section&quot;:&quot;section-stretched&quot;,&quot;animation&quot;:&quot;zoomIn&quot;}\">\n\t\t\t\t\t\t<div class=\"elementor-container elementor-column-gap-default\">\n\t\t\t\t\t<div class=\"elementor-column elementor-col-100 elementor-top-column elementor-element elementor-element-0652a31\" data-id=\"0652a31\" data-element_type=\"column\" data-e-type=\"column\">\n\t\t\t<div class=\"elementor-widget-wrap elementor-element-populated\">\n\t\t\t\t\t\t<div class=\"elementor-element elementor-element-23933aa elementor-widget elementor-widget-spacer\" data-id=\"23933aa\" data-element_type=\"widget\" data-e-type=\"widget\" data-widget_type=\"spacer.default\">\n\t\t\t\t<div class=\"elementor-widget-container\">\n\t\t\t\t\t\t\t<div class=\"elementor-spacer\">\n\t\t\t<div class=\"elementor-spacer-inner\"><\/div>\n\t\t<\/div>\n\t\t\t\t\t\t<\/div>\n\t\t\t\t<\/div>\n\t\t\t\t<div class=\"elementor-element elementor-element-ff4c03d elementor-widget elementor-widget-image-gallery\" data-id=\"ff4c03d\" data-element_type=\"widget\" data-e-type=\"widget\" data-widget_type=\"image-gallery.default\">\n\t\t\t\t<div class=\"elementor-widget-container\">\n\t\t\t\t\t\t\t<div class=\"elementor-image-gallery\">\n\t\t\t<div id='gallery-1' class='gallery galleryid-503 gallery-columns-4 gallery-size-bizberg_blog_list_no_sidebar_1'><figure class='gallery-item'>\n\t\t\t<div class='gallery-icon landscape'>\n\t\t\t\t<a data-elementor-open-lightbox=\"yes\" data-elementor-lightbox-slideshow=\"ff4c03d\" data-elementor-lightbox-title=\"Exif_JPEG_420\" data-e-action-hash=\"#elementor-action%3Aaction%3Dlightbox%26settings%3DeyJpZCI6NTgyLCJ1cmwiOiJodHRwczpcL1wvd3d3LmtvY3BhbGV0LmNvbVwvd3AtY29udGVudFwvdXBsb2Fkc1wvMjAyM1wvMDNcL0lNR18yMDIyMDYyOV8xNDM1MjctMS0xLXNjYWxlZC5qcGciLCJzbGlkZXNob3ciOiJmZjRjMDNkIn0%3D\" href='https:\/\/www.kocpalet.com\/wp-content\/uploads\/2023\/03\/IMG_20220629_143527-1-1-scaled.jpg'><img decoding=\"async\" width=\"220\" height=\"190\" src=\"https:\/\/www.kocpalet.com\/wp-content\/uploads\/2023\/03\/IMG_20220629_143527-1-1-220x190.jpg\" class=\"attachment-bizberg_blog_list_no_sidebar_1 size-bizberg_blog_list_no_sidebar_1\" alt=\"\" \/><\/a>\n\t\t\t<\/div><\/figure><figure class='gallery-item'>\n\t\t\t<div class='gallery-icon landscape'>\n\t\t\t\t<a data-elementor-open-lightbox=\"yes\" data-elementor-lightbox-slideshow=\"ff4c03d\" data-elementor-lightbox-title=\"IMG-20211008-WA0018\" data-e-action-hash=\"#elementor-action%3Aaction%3Dlightbox%26settings%3DeyJpZCI6NTgzLCJ1cmwiOiJodHRwczpcL1wvd3d3LmtvY3BhbGV0LmNvbVwvd3AtY29udGVudFwvdXBsb2Fkc1wvMjAyM1wvMDNcL0lNRy0yMDIxMTAwOC1XQTAwMTgtMS1zY2FsZWQuanBlZyIsInNsaWRlc2hvdyI6ImZmNGMwM2QifQ%3D%3D\" href='https:\/\/www.kocpalet.com\/wp-content\/uploads\/2023\/03\/IMG-20211008-WA0018-1-scaled.jpeg'><img decoding=\"async\" width=\"220\" height=\"190\" src=\"https:\/\/www.kocpalet.com\/wp-content\/uploads\/2023\/03\/IMG-20211008-WA0018-1-220x190.jpeg\" class=\"attachment-bizberg_blog_list_no_sidebar_1 size-bizberg_blog_list_no_sidebar_1\" alt=\"\" \/><\/a>\n\t\t\t<\/div><\/figure><figure class='gallery-item'>\n\t\t\t<div class='gallery-icon landscape'>\n\t\t\t\t<a data-elementor-open-lightbox=\"yes\" data-elementor-lightbox-slideshow=\"ff4c03d\" data-elementor-lightbox-title=\"20210305_173436\" data-e-action-hash=\"#elementor-action%3Aaction%3Dlightbox%26settings%3DeyJpZCI6NTc4LCJ1cmwiOiJodHRwczpcL1wvd3d3LmtvY3BhbGV0LmNvbVwvd3AtY29udGVudFwvdXBsb2Fkc1wvMjAyM1wvMDNcLzIwMjEwMzA1XzE3MzQzNi0xLmpwZyIsInNsaWRlc2hvdyI6ImZmNGMwM2QifQ%3D%3D\" href='https:\/\/www.kocpalet.com\/wp-content\/uploads\/2023\/03\/20210305_173436-1.jpg'><img decoding=\"async\" width=\"220\" height=\"190\" src=\"https:\/\/www.kocpalet.com\/wp-content\/uploads\/2023\/03\/20210305_173436-1-220x190.jpg\" class=\"attachment-bizberg_blog_list_no_sidebar_1 size-bizberg_blog_list_no_sidebar_1\" alt=\"\" \/><\/a>\n\t\t\t<\/div><\/figure><figure class='gallery-item'>\n\t\t\t<div class='gallery-icon landscape'>\n\t\t\t\t<a data-elementor-open-lightbox=\"yes\" data-elementor-lightbox-slideshow=\"ff4c03d\" data-elementor-lightbox-title=\"20200812_112751\" data-e-action-hash=\"#elementor-action%3Aaction%3Dlightbox%26settings%3DeyJpZCI6NjM1LCJ1cmwiOiJodHRwczpcL1wvd3d3LmtvY3BhbGV0LmNvbVwvd3AtY29udGVudFwvdXBsb2Fkc1wvMjAyM1wvMDNcLzIwMjAwODEyXzExMjc1MS5qcGciLCJzbGlkZXNob3ciOiJmZjRjMDNkIn0%3D\" href='https:\/\/www.kocpalet.com\/wp-content\/uploads\/2023\/03\/20200812_112751.jpg'><img loading=\"lazy\" decoding=\"async\" width=\"220\" height=\"190\" src=\"https:\/\/www.kocpalet.com\/wp-content\/uploads\/2023\/03\/20200812_112751-220x190.jpg\" class=\"attachment-bizberg_blog_list_no_sidebar_1 size-bizberg_blog_list_no_sidebar_1\" alt=\"\" \/><\/a>\n\t\t\t<\/div><\/figure><figure class='gallery-item'>\n\t\t\t<div class='gallery-icon landscape'>\n\t\t\t\t<a data-elementor-open-lightbox=\"yes\" data-elementor-lightbox-slideshow=\"ff4c03d\" data-elementor-lightbox-title=\"20161227_113731\" data-e-action-hash=\"#elementor-action%3Aaction%3Dlightbox%26settings%3DeyJpZCI6NjI1LCJ1cmwiOiJodHRwczpcL1wvd3d3LmtvY3BhbGV0LmNvbVwvd3AtY29udGVudFwvdXBsb2Fkc1wvMjAyM1wvMDNcLzIwMTYxMjI3XzExMzczMS5qcGciLCJzbGlkZXNob3ciOiJmZjRjMDNkIn0%3D\" href='https:\/\/www.kocpalet.com\/wp-content\/uploads\/2023\/03\/20161227_113731.jpg'><img loading=\"lazy\" decoding=\"async\" width=\"220\" height=\"190\" src=\"https:\/\/www.kocpalet.com\/wp-content\/uploads\/2023\/03\/20161227_113731-220x190.jpg\" class=\"attachment-bizberg_blog_list_no_sidebar_1 size-bizberg_blog_list_no_sidebar_1\" alt=\"\" \/><\/a>\n\t\t\t<\/div><\/figure><figure class='gallery-item'>\n\t\t\t<div class='gallery-icon landscape'>\n\t\t\t\t<a data-elementor-open-lightbox=\"yes\" data-elementor-lightbox-slideshow=\"ff4c03d\" data-elementor-lightbox-title=\"Fotograf0638-1\" data-e-action-hash=\"#elementor-action%3Aaction%3Dlightbox%26settings%3DeyJpZCI6NjM2LCJ1cmwiOiJodHRwczpcL1wvd3d3LmtvY3BhbGV0LmNvbVwvd3AtY29udGVudFwvdXBsb2Fkc1wvMjAyM1wvMDNcL0ZvdG9ncmFmMDYzOC0xLmpwZyIsInNsaWRlc2hvdyI6ImZmNGMwM2QifQ%3D%3D\" href='https:\/\/www.kocpalet.com\/wp-content\/uploads\/2023\/03\/Fotograf0638-1.jpg'><img loading=\"lazy\" decoding=\"async\" width=\"220\" height=\"190\" src=\"https:\/\/www.kocpalet.com\/wp-content\/uploads\/2023\/03\/Fotograf0638-1-220x190.jpg\" class=\"attachment-bizberg_blog_list_no_sidebar_1 size-bizberg_blog_list_no_sidebar_1\" alt=\"\" \/><\/a>\n\t\t\t<\/div><\/figure><figure class='gallery-item'>\n\t\t\t<div class='gallery-icon landscape'>\n\t\t\t\t<a data-elementor-open-lightbox=\"yes\" data-elementor-lightbox-slideshow=\"ff4c03d\" data-elementor-lightbox-title=\"20220127_105030-1\" data-e-action-hash=\"#elementor-action%3Aaction%3Dlightbox%26settings%3DeyJpZCI6NjM5LCJ1cmwiOiJodHRwczpcL1wvd3d3LmtvY3BhbGV0LmNvbVwvd3AtY29udGVudFwvdXBsb2Fkc1wvMjAyM1wvMDNcLzIwMjIwMTI3XzEwNTAzMC0xLmpwZyIsInNsaWRlc2hvdyI6ImZmNGMwM2QifQ%3D%3D\" href='https:\/\/www.kocpalet.com\/wp-content\/uploads\/2023\/03\/20220127_105030-1.jpg'><img loading=\"lazy\" decoding=\"async\" width=\"220\" height=\"190\" src=\"https:\/\/www.kocpalet.com\/wp-content\/uploads\/2023\/03\/20220127_105030-1-220x190.jpg\" class=\"attachment-bizberg_blog_list_no_sidebar_1 size-bizberg_blog_list_no_sidebar_1\" alt=\"\" \/><\/a>\n\t\t\t<\/div><\/figure><figure class='gallery-item'>\n\t\t\t<div class='gallery-icon landscape'>\n\t\t\t\t<a data-elementor-open-lightbox=\"yes\" data-elementor-lightbox-slideshow=\"ff4c03d\" data-elementor-lightbox-title=\"20190208_140713-Kopya\" data-e-action-hash=\"#elementor-action%3Aaction%3Dlightbox%26settings%3DeyJpZCI6NjM4LCJ1cmwiOiJodHRwczpcL1wvd3d3LmtvY3BhbGV0LmNvbVwvd3AtY29udGVudFwvdXBsb2Fkc1wvMjAyM1wvMDNcLzIwMTkwMjA4XzE0MDcxMy1Lb3B5YS5qcGciLCJzbGlkZXNob3ciOiJmZjRjMDNkIn0%3D\" href='https:\/\/www.kocpalet.com\/wp-content\/uploads\/2023\/03\/20190208_140713-Kopya.jpg'><img loading=\"lazy\" decoding=\"async\" width=\"220\" height=\"190\" src=\"https:\/\/www.kocpalet.com\/wp-content\/uploads\/2023\/03\/20190208_140713-Kopya-220x190.jpg\" class=\"attachment-bizberg_blog_list_no_sidebar_1 size-bizberg_blog_list_no_sidebar_1\" alt=\"\" \/><\/a>\n\t\t\t<\/div><\/figure><figure class='gallery-item'>\n\t\t\t<div class='gallery-icon landscape'>\n\t\t\t\t<a data-elementor-open-lightbox=\"yes\" data-elementor-lightbox-slideshow=\"ff4c03d\" data-elementor-lightbox-title=\"20170401_165418\" data-e-action-hash=\"#elementor-action%3Aaction%3Dlightbox%26settings%3DeyJpZCI6NzMwLCJ1cmwiOiJodHRwczpcL1wvd3d3LmtvY3BhbGV0LmNvbVwvd3AtY29udGVudFwvdXBsb2Fkc1wvMjAyM1wvMDRcLzIwMTcwNDAxXzE2NTQxOC1zY2FsZWQuanBnIiwic2xpZGVzaG93IjoiZmY0YzAzZCJ9\" href='https:\/\/www.kocpalet.com\/wp-content\/uploads\/2023\/04\/20170401_165418-scaled.jpg'><img loading=\"lazy\" decoding=\"async\" width=\"220\" height=\"190\" src=\"https:\/\/www.kocpalet.com\/wp-content\/uploads\/2023\/04\/20170401_165418-220x190.jpg\" class=\"attachment-bizberg_blog_list_no_sidebar_1 size-bizberg_blog_list_no_sidebar_1\" alt=\"\" \/><\/a>\n\t\t\t<\/div><\/figure><figure class='gallery-item'>\n\t\t\t<div class='gallery-icon landscape'>\n\t\t\t\t<a data-elementor-open-lightbox=\"yes\" data-elementor-lightbox-slideshow=\"ff4c03d\" data-elementor-lightbox-title=\"20170403_103906\" data-e-action-hash=\"#elementor-action%3Aaction%3Dlightbox%26settings%3DeyJpZCI6NzMxLCJ1cmwiOiJodHRwczpcL1wvd3d3LmtvY3BhbGV0LmNvbVwvd3AtY29udGVudFwvdXBsb2Fkc1wvMjAyM1wvMDRcLzIwMTcwNDAzXzEwMzkwNi1zY2FsZWQuanBnIiwic2xpZGVzaG93IjoiZmY0YzAzZCJ9\" href='https:\/\/www.kocpalet.com\/wp-content\/uploads\/2023\/04\/20170403_103906-scaled.jpg'><img loading=\"lazy\" decoding=\"async\" width=\"220\" height=\"190\" src=\"https:\/\/www.kocpalet.com\/wp-content\/uploads\/2023\/04\/20170403_103906-220x190.jpg\" class=\"attachment-bizberg_blog_list_no_sidebar_1 size-bizberg_blog_list_no_sidebar_1\" alt=\"\" \/><\/a>\n\t\t\t<\/div><\/figure><figure class='gallery-item'>\n\t\t\t<div class='gallery-icon portrait'>\n\t\t\t\t<a data-elementor-open-lightbox=\"yes\" data-elementor-lightbox-slideshow=\"ff4c03d\" data-elementor-lightbox-title=\"20170421_151428\" data-e-action-hash=\"#elementor-action%3Aaction%3Dlightbox%26settings%3DeyJpZCI6NzMyLCJ1cmwiOiJodHRwczpcL1wvd3d3LmtvY3BhbGV0LmNvbVwvd3AtY29udGVudFwvdXBsb2Fkc1wvMjAyM1wvMDRcLzIwMTcwNDIxXzE1MTQyOC1zY2FsZWQuanBnIiwic2xpZGVzaG93IjoiZmY0YzAzZCJ9\" href='https:\/\/www.kocpalet.com\/wp-content\/uploads\/2023\/04\/20170421_151428-scaled.jpg'><img loading=\"lazy\" decoding=\"async\" width=\"220\" height=\"190\" src=\"https:\/\/www.kocpalet.com\/wp-content\/uploads\/2023\/04\/20170421_151428-220x190.jpg\" class=\"attachment-bizberg_blog_list_no_sidebar_1 size-bizberg_blog_list_no_sidebar_1\" alt=\"\" \/><\/a>\n\t\t\t<\/div><\/figure><figure class='gallery-item'>\n\t\t\t<div class='gallery-icon portrait'>\n\t\t\t\t<a data-elementor-open-lightbox=\"yes\" data-elementor-lightbox-slideshow=\"ff4c03d\" data-elementor-lightbox-title=\"20170425_110402\" data-e-action-hash=\"#elementor-action%3Aaction%3Dlightbox%26settings%3DeyJpZCI6NzMzLCJ1cmwiOiJodHRwczpcL1wvd3d3LmtvY3BhbGV0LmNvbVwvd3AtY29udGVudFwvdXBsb2Fkc1wvMjAyM1wvMDRcLzIwMTcwNDI1XzExMDQwMi1zY2FsZWQuanBnIiwic2xpZGVzaG93IjoiZmY0YzAzZCJ9\" href='https:\/\/www.kocpalet.com\/wp-content\/uploads\/2023\/04\/20170425_110402-scaled.jpg'><img loading=\"lazy\" decoding=\"async\" width=\"220\" height=\"190\" src=\"https:\/\/www.kocpalet.com\/wp-content\/uploads\/2023\/04\/20170425_110402-220x190.jpg\" class=\"attachment-bizberg_blog_list_no_sidebar_1 size-bizberg_blog_list_no_sidebar_1\" alt=\"\" \/><\/a>\n\t\t\t<\/div><\/figure>\n\t\t<\/div>\n\t\t<\/div>\n\t\t\t\t\t\t<\/div>\n\t\t\t\t<\/div>\n\t\t\t\t\t<\/div>\n\t\t<\/div>\n\t\t\t\t\t<\/div>\n\t\t<\/section>\n\t\t\t\t<\/div>\n\t\t","protected":false},"excerpt":{"rendered":"<p>Ah\u015fap paletler, \u00fcr\u00fcnlerinizin ta\u015f\u0131nmas\u0131 ve depolanmas\u0131 i\u00e7in kullan\u0131lan en pop\u00fcler malzemelerden biridir. Ah\u015fap paletler, \u00e7e\u015fitli boyutlarda ve \u00f6zelliklerde mevcuttur ve m\u00fc\u015fterilerinizin ihtiya\u00e7lar\u0131na uyacak \u015fekilde \u00f6zelle\u015ftirilebilirler. Web sitemizdeki ah\u015fap paletler, y\u00fcksek kaliteli ah\u015fap malzemeler kullan\u0131larak \u00fcretilir ve \u00f6zenle i\u015flenir. Her palet, \u00fcr\u00fcnlerinizi g\u00fcvenli bir \u015fekilde ta\u015f\u0131mak i\u00e7in dayan\u0131kl\u0131 ve g\u00fcvenlidir. Ayr\u0131ca, m\u00fc\u015fterilerimizin ihtiya\u00e7lar\u0131na uygun olarak \u00f6zelle\u015ftirilebilir. Ah\u015fap paletler, \u00fcr\u00fcnlerinizi ta\u015f\u0131rken en [&hellip;]<\/p>\n","protected":false},"author":1,"featured_media":0,"parent":0,"menu_order":0,"comment_status":"closed","ping_status":"closed","template":"","meta":{"_eb_attr":"","_joinchat":[],"footnotes":""},"class_list":["post-503","page","type-page","status-publish","hentry"],"_links":{"self":[{"href":"https:\/\/www.kocpalet.com\/index.php\/wp-json\/wp\/v2\/pages\/503","targetHints":{"allow":["GET"]}}],"collection":[{"href":"https:\/\/www.kocpalet.com\/index.php\/wp-json\/wp\/v2\/pages"}],"about":[{"href":"https:\/\/www.kocpalet.com\/index.php\/wp-json\/wp\/v2\/types\/page"}],"author":[{"embeddable":true,"href":"https:\/\/www.kocpalet.com\/index.php\/wp-json\/wp\/v2\/users\/1"}],"replies":[{"embeddable":true,"href":"https:\/\/www.kocpalet.com\/index.php\/wp-json\/wp\/v2\/comments?post=503"}],"version-history":[{"count":15,"href":"https:\/\/www.kocpalet.com\/index.php\/wp-json\/wp\/v2\/pages\/503\/revisions"}],"predecessor-version":[{"id":736,"href":"https:\/\/www.kocpalet.com\/index.php\/wp-json\/wp\/v2\/pages\/503\/revisions\/736"}],"wp:attachment":[{"href":"https:\/\/www.kocpalet.com\/index.php\/wp-json\/wp\/v2\/media?parent=503"}],"curies":[{"name":"wp","href":"https:\/\/api.w.org\/{rel}","templated":true}]}}