{"id":515,"date":"2023-03-26T18:28:31","date_gmt":"2023-03-26T15:28:31","guid":{"rendered":"http:\/\/www.kocpalet.com\/?page_id=515"},"modified":"2023-04-02T02:01:41","modified_gmt":"2023-04-01T23:01:41","slug":"ahsap-saksi","status":"publish","type":"page","link":"https:\/\/www.kocpalet.com\/index.php\/ahsap-saksi\/","title":{"rendered":"Ah\u015fap Saks\u0131"},"content":{"rendered":"\n<p>Ah\u015fap saks\u0131lar, bitkilerinizi sergilemek ve evinizde do\u011fal bir ortam yaratmak i\u00e7in m\u00fckemmel bir se\u00e7enektir. Web sitemizdeki ah\u015fap saks\u0131lar, y\u00fcksek kaliteli ah\u015fap malzemeler kullan\u0131larak \u00fcretilir ve \u00f6zenle i\u015flenir. Her bir saks\u0131m\u0131z, uzun \u00f6m\u00fcrl\u00fc ve dayan\u0131kl\u0131d\u0131r.<\/p>\n\n\n\n<p>Ah\u015fap saks\u0131lar\u0131m\u0131z, farkl\u0131 boyut ve \u015fekillerde mevcuttur ve m\u00fc\u015fterilerimizin ihtiya\u00e7lar\u0131na uyacak \u015fekilde \u00f6zelle\u015ftirilebilirler. Ayr\u0131ca, saks\u0131lar\u0131m\u0131z\u0131n i\u00e7ine yerle\u015ftirilebilecek farkl\u0131 renklerdeki plastik kaplar da mevcuttur.<\/p>\n\n\n\n<p>Web sitemizdeki ah\u015fap saks\u0131lar, evinizde bitkilerinizi sergilemek i\u00e7in m\u00fckemmel bir se\u00e7enektir. Saks\u0131lar\u0131m\u0131z, bitkilerinizin do\u011fal g\u00fczelli\u011fini ortaya \u00e7\u0131karacak \u015fekilde tasarlanm\u0131\u015ft\u0131r. Ah\u015fap saks\u0131lar\u0131m\u0131z, evinizin dekorasyonuna da uyum sa\u011flayacak \u015f\u0131k ve modern bir tasar\u0131ma sahiptir.<\/p>\n\n\n\n<p>Ah\u015fap saks\u0131lar\u0131m\u0131z, bitkilerinizin sa\u011fl\u0131kl\u0131 ve mutlu kalmas\u0131 i\u00e7in de idealdir. Ah\u015fap malzeme, bitkilerinizin do\u011fal b\u00fcy\u00fcme s\u00fcrecine katk\u0131da bulunur ve k\u00f6klerinizi sa\u011fl\u0131kl\u0131 bir \u015fekilde besleyebilir. Ayr\u0131ca, saks\u0131lar\u0131m\u0131z, evinizde bitkilerinizi korumak i\u00e7in de ideal bir se\u00e7enektir.<\/p>\n\n\n\n<p>Web sitemizdeki ah\u015fap saks\u0131lar, kaliteli ve dayan\u0131kl\u0131 bir se\u00e7enektir. Ah\u015fap malzeme, \u00fcr\u00fcnlerimizi sa\u011flam ve dayan\u0131kl\u0131 hale getirir. \u00dcr\u00fcnlerimiz, evinizde bitkilerinizi sergilemek i\u00e7in ideal bir se\u00e7enek olacakt\u0131r.<\/p>\n\n\n\n<p>Bug\u00fcn web sitemizden bir ah\u015fap saks\u0131 sat\u0131n al\u0131n veya m\u00fc\u015fteri temsilcilerimizle ileti\u015fime ge\u00e7erek ihtiya\u00e7lar\u0131n\u0131za uygun bir ah\u015fap saks\u0131 tasarlat\u0131n.<\/p>\n\n\n\n<figure class=\"wp-block-gallery has-nested-images columns-default is-cropped wp-block-gallery-1 is-layout-flex wp-block-gallery-is-layout-flex\">\n<figure class=\"wp-block-image size-large\"><img fetchpriority=\"high\" decoding=\"async\" width=\"1024\" height=\"768\" data-id=\"521\" src=\"https:\/\/www.kocpalet.com\/wp-content\/uploads\/2023\/03\/1e217b96-6f36-4301-819f-eb962bca4184-1024x768.jpg\" alt=\"\" class=\"wp-image-521\" srcset=\"https:\/\/www.kocpalet.com\/wp-content\/uploads\/2023\/03\/1e217b96-6f36-4301-819f-eb962bca4184-1024x768.jpg 1024w, https:\/\/www.kocpalet.com\/wp-content\/uploads\/2023\/03\/1e217b96-6f36-4301-819f-eb962bca4184-600x450.jpg 600w, https:\/\/www.kocpalet.com\/wp-content\/uploads\/2023\/03\/1e217b96-6f36-4301-819f-eb962bca4184-300x225.jpg 300w, https:\/\/www.kocpalet.com\/wp-content\/uploads\/2023\/03\/1e217b96-6f36-4301-819f-eb962bca4184-768x576.jpg 768w, https:\/\/www.kocpalet.com\/wp-content\/uploads\/2023\/03\/1e217b96-6f36-4301-819f-eb962bca4184-1536x1152.jpg 1536w, https:\/\/www.kocpalet.com\/wp-content\/uploads\/2023\/03\/1e217b96-6f36-4301-819f-eb962bca4184.jpg 1600w\" sizes=\"(max-width: 1024px) 100vw, 1024px\" \/><\/figure>\n\n\n\n<figure class=\"wp-block-image size-large\"><img decoding=\"async\" width=\"1024\" height=\"576\" data-id=\"522\" src=\"https:\/\/www.kocpalet.com\/wp-content\/uploads\/2023\/03\/20170322_185900-1024x576.jpg\" alt=\"\" class=\"wp-image-522\" srcset=\"https:\/\/www.kocpalet.com\/wp-content\/uploads\/2023\/03\/20170322_185900-1024x576.jpg 1024w, https:\/\/www.kocpalet.com\/wp-content\/uploads\/2023\/03\/20170322_185900-scaled-600x338.jpg 600w, https:\/\/www.kocpalet.com\/wp-content\/uploads\/2023\/03\/20170322_185900-300x169.jpg 300w, https:\/\/www.kocpalet.com\/wp-content\/uploads\/2023\/03\/20170322_185900-768x432.jpg 768w, https:\/\/www.kocpalet.com\/wp-content\/uploads\/2023\/03\/20170322_185900-1536x864.jpg 1536w, https:\/\/www.kocpalet.com\/wp-content\/uploads\/2023\/03\/20170322_185900-2048x1152.jpg 2048w\" sizes=\"(max-width: 1024px) 100vw, 1024px\" \/><\/figure>\n\n\n\n<figure class=\"wp-block-image size-large\"><img decoding=\"async\" width=\"1024\" height=\"576\" data-id=\"523\" src=\"https:\/\/www.kocpalet.com\/wp-content\/uploads\/2023\/03\/20170322_190052-1024x576.jpg\" alt=\"\" class=\"wp-image-523\" srcset=\"https:\/\/www.kocpalet.com\/wp-content\/uploads\/2023\/03\/20170322_190052-1024x576.jpg 1024w, https:\/\/www.kocpalet.com\/wp-content\/uploads\/2023\/03\/20170322_190052-scaled-600x338.jpg 600w, https:\/\/www.kocpalet.com\/wp-content\/uploads\/2023\/03\/20170322_190052-300x169.jpg 300w, https:\/\/www.kocpalet.com\/wp-content\/uploads\/2023\/03\/20170322_190052-768x432.jpg 768w, https:\/\/www.kocpalet.com\/wp-content\/uploads\/2023\/03\/20170322_190052-1536x864.jpg 1536w, https:\/\/www.kocpalet.com\/wp-content\/uploads\/2023\/03\/20170322_190052-2048x1152.jpg 2048w\" sizes=\"(max-width: 1024px) 100vw, 1024px\" \/><\/figure>\n\n\n\n<figure class=\"wp-block-image size-large\"><img loading=\"lazy\" decoding=\"async\" width=\"969\" height=\"545\" data-id=\"520\" src=\"https:\/\/www.kocpalet.com\/wp-content\/uploads\/2023\/03\/20170322_192149.jpg\" alt=\"\" class=\"wp-image-520\" srcset=\"https:\/\/www.kocpalet.com\/wp-content\/uploads\/2023\/03\/20170322_192149.jpg 969w, https:\/\/www.kocpalet.com\/wp-content\/uploads\/2023\/03\/20170322_192149-600x337.jpg 600w, https:\/\/www.kocpalet.com\/wp-content\/uploads\/2023\/03\/20170322_192149-300x169.jpg 300w, https:\/\/www.kocpalet.com\/wp-content\/uploads\/2023\/03\/20170322_192149-768x432.jpg 768w\" sizes=\"(max-width: 969px) 100vw, 969px\" \/><\/figure>\n\n\n\n<figure class=\"wp-block-image size-large\"><img loading=\"lazy\" decoding=\"async\" width=\"1024\" height=\"576\" data-id=\"529\" src=\"https:\/\/www.kocpalet.com\/wp-content\/uploads\/2023\/03\/20170411_122612-1024x576.jpg\" alt=\"\" class=\"wp-image-529\" srcset=\"https:\/\/www.kocpalet.com\/wp-content\/uploads\/2023\/03\/20170411_122612-1024x576.jpg 1024w, https:\/\/www.kocpalet.com\/wp-content\/uploads\/2023\/03\/20170411_122612-scaled-600x338.jpg 600w, https:\/\/www.kocpalet.com\/wp-content\/uploads\/2023\/03\/20170411_122612-300x169.jpg 300w, https:\/\/www.kocpalet.com\/wp-content\/uploads\/2023\/03\/20170411_122612-768x432.jpg 768w, https:\/\/www.kocpalet.com\/wp-content\/uploads\/2023\/03\/20170411_122612-1536x864.jpg 1536w, https:\/\/www.kocpalet.com\/wp-content\/uploads\/2023\/03\/20170411_122612-2048x1152.jpg 2048w\" sizes=\"(max-width: 1024px) 100vw, 1024px\" \/><\/figure>\n\n\n\n<figure class=\"wp-block-image size-large\"><img loading=\"lazy\" decoding=\"async\" width=\"969\" height=\"545\" data-id=\"519\" src=\"https:\/\/www.kocpalet.com\/wp-content\/uploads\/2023\/03\/20170530_183924.jpg\" alt=\"\" class=\"wp-image-519\" srcset=\"https:\/\/www.kocpalet.com\/wp-content\/uploads\/2023\/03\/20170530_183924.jpg 969w, https:\/\/www.kocpalet.com\/wp-content\/uploads\/2023\/03\/20170530_183924-600x337.jpg 600w, https:\/\/www.kocpalet.com\/wp-content\/uploads\/2023\/03\/20170530_183924-300x169.jpg 300w, https:\/\/www.kocpalet.com\/wp-content\/uploads\/2023\/03\/20170530_183924-768x432.jpg 768w\" sizes=\"(max-width: 969px) 100vw, 969px\" \/><\/figure>\n\n\n\n<figure class=\"wp-block-image size-large\"><img loading=\"lazy\" decoding=\"async\" width=\"1024\" height=\"576\" data-id=\"526\" src=\"https:\/\/www.kocpalet.com\/wp-content\/uploads\/2023\/03\/20170711_074818-1024x576.jpg\" alt=\"\" class=\"wp-image-526\" srcset=\"https:\/\/www.kocpalet.com\/wp-content\/uploads\/2023\/03\/20170711_074818-1024x576.jpg 1024w, https:\/\/www.kocpalet.com\/wp-content\/uploads\/2023\/03\/20170711_074818-600x338.jpg 600w, https:\/\/www.kocpalet.com\/wp-content\/uploads\/2023\/03\/20170711_074818-300x169.jpg 300w, https:\/\/www.kocpalet.com\/wp-content\/uploads\/2023\/03\/20170711_074818-768x432.jpg 768w, https:\/\/www.kocpalet.com\/wp-content\/uploads\/2023\/03\/20170711_074818.jpg 1080w\" sizes=\"(max-width: 1024px) 100vw, 1024px\" \/><\/figure>\n\n\n\n<figure class=\"wp-block-image size-large\"><img loading=\"lazy\" decoding=\"async\" width=\"1024\" height=\"576\" data-id=\"525\" src=\"https:\/\/www.kocpalet.com\/wp-content\/uploads\/2023\/03\/20170904_104924-1024x576.jpg\" alt=\"\" class=\"wp-image-525\" srcset=\"https:\/\/www.kocpalet.com\/wp-content\/uploads\/2023\/03\/20170904_104924-1024x576.jpg 1024w, https:\/\/www.kocpalet.com\/wp-content\/uploads\/2023\/03\/20170904_104924-scaled-600x338.jpg 600w, https:\/\/www.kocpalet.com\/wp-content\/uploads\/2023\/03\/20170904_104924-300x169.jpg 300w, https:\/\/www.kocpalet.com\/wp-content\/uploads\/2023\/03\/20170904_104924-768x432.jpg 768w, https:\/\/www.kocpalet.com\/wp-content\/uploads\/2023\/03\/20170904_104924-1536x864.jpg 1536w, https:\/\/www.kocpalet.com\/wp-content\/uploads\/2023\/03\/20170904_104924-2048x1152.jpg 2048w\" sizes=\"(max-width: 1024px) 100vw, 1024px\" \/><\/figure>\n\n\n\n<figure class=\"wp-block-image size-large\"><img loading=\"lazy\" decoding=\"async\" width=\"1024\" height=\"576\" data-id=\"524\" src=\"https:\/\/www.kocpalet.com\/wp-content\/uploads\/2023\/03\/20171018_142535-1024x576.jpg\" alt=\"\" class=\"wp-image-524\" srcset=\"https:\/\/www.kocpalet.com\/wp-content\/uploads\/2023\/03\/20171018_142535-1024x576.jpg 1024w, https:\/\/www.kocpalet.com\/wp-content\/uploads\/2023\/03\/20171018_142535-scaled-600x338.jpg 600w, https:\/\/www.kocpalet.com\/wp-content\/uploads\/2023\/03\/20171018_142535-300x169.jpg 300w, https:\/\/www.kocpalet.com\/wp-content\/uploads\/2023\/03\/20171018_142535-768x432.jpg 768w, https:\/\/www.kocpalet.com\/wp-content\/uploads\/2023\/03\/20171018_142535-1536x864.jpg 1536w, https:\/\/www.kocpalet.com\/wp-content\/uploads\/2023\/03\/20171018_142535-2048x1152.jpg 2048w\" sizes=\"(max-width: 1024px) 100vw, 1024px\" \/><\/figure>\n\n\n\n<figure class=\"wp-block-image size-large\"><img loading=\"lazy\" decoding=\"async\" width=\"1024\" height=\"576\" data-id=\"527\" src=\"https:\/\/www.kocpalet.com\/wp-content\/uploads\/2023\/03\/20180417_113257-1024x576.jpg\" alt=\"\" class=\"wp-image-527\" srcset=\"https:\/\/www.kocpalet.com\/wp-content\/uploads\/2023\/03\/20180417_113257-1024x576.jpg 1024w, https:\/\/www.kocpalet.com\/wp-content\/uploads\/2023\/03\/20180417_113257-scaled-600x338.jpg 600w, https:\/\/www.kocpalet.com\/wp-content\/uploads\/2023\/03\/20180417_113257-300x169.jpg 300w, https:\/\/www.kocpalet.com\/wp-content\/uploads\/2023\/03\/20180417_113257-768x432.jpg 768w, https:\/\/www.kocpalet.com\/wp-content\/uploads\/2023\/03\/20180417_113257-1536x864.jpg 1536w, https:\/\/www.kocpalet.com\/wp-content\/uploads\/2023\/03\/20180417_113257-2048x1152.jpg 2048w\" sizes=\"(max-width: 1024px) 100vw, 1024px\" \/><\/figure>\n\n\n\n<figure class=\"wp-block-image size-large\"><img loading=\"lazy\" decoding=\"async\" width=\"1024\" height=\"576\" data-id=\"528\" src=\"https:\/\/www.kocpalet.com\/wp-content\/uploads\/2023\/03\/20180510_100402-1024x576.jpg\" alt=\"\" class=\"wp-image-528\" srcset=\"https:\/\/www.kocpalet.com\/wp-content\/uploads\/2023\/03\/20180510_100402-1024x576.jpg 1024w, https:\/\/www.kocpalet.com\/wp-content\/uploads\/2023\/03\/20180510_100402-scaled-600x338.jpg 600w, https:\/\/www.kocpalet.com\/wp-content\/uploads\/2023\/03\/20180510_100402-300x169.jpg 300w, https:\/\/www.kocpalet.com\/wp-content\/uploads\/2023\/03\/20180510_100402-768x432.jpg 768w, https:\/\/www.kocpalet.com\/wp-content\/uploads\/2023\/03\/20180510_100402-1536x864.jpg 1536w, https:\/\/www.kocpalet.com\/wp-content\/uploads\/2023\/03\/20180510_100402-2048x1152.jpg 2048w\" sizes=\"(max-width: 1024px) 100vw, 1024px\" \/><\/figure>\n\n\n\n<figure class=\"wp-block-image size-large\"><img loading=\"lazy\" decoding=\"async\" width=\"1024\" height=\"768\" data-id=\"531\" src=\"https:\/\/www.kocpalet.com\/wp-content\/uploads\/2023\/03\/20191014_133353-1024x768.jpg\" alt=\"\" class=\"wp-image-531\" srcset=\"https:\/\/www.kocpalet.com\/wp-content\/uploads\/2023\/03\/20191014_133353-1024x768.jpg 1024w, https:\/\/www.kocpalet.com\/wp-content\/uploads\/2023\/03\/20191014_133353-scaled-600x450.jpg 600w, https:\/\/www.kocpalet.com\/wp-content\/uploads\/2023\/03\/20191014_133353-300x225.jpg 300w, https:\/\/www.kocpalet.com\/wp-content\/uploads\/2023\/03\/20191014_133353-768x576.jpg 768w, https:\/\/www.kocpalet.com\/wp-content\/uploads\/2023\/03\/20191014_133353-1536x1152.jpg 1536w, https:\/\/www.kocpalet.com\/wp-content\/uploads\/2023\/03\/20191014_133353-2048x1536.jpg 2048w\" sizes=\"(max-width: 1024px) 100vw, 1024px\" \/><\/figure>\n\n\n\n<figure class=\"wp-block-image size-large\"><img loading=\"lazy\" decoding=\"async\" width=\"1024\" height=\"768\" data-id=\"530\" src=\"https:\/\/www.kocpalet.com\/wp-content\/uploads\/2023\/03\/20220509_172426-1024x768.jpg\" alt=\"\" class=\"wp-image-530\" srcset=\"https:\/\/www.kocpalet.com\/wp-content\/uploads\/2023\/03\/20220509_172426-1024x768.jpg 1024w, https:\/\/www.kocpalet.com\/wp-content\/uploads\/2023\/03\/20220509_172426-scaled-600x450.jpg 600w, https:\/\/www.kocpalet.com\/wp-content\/uploads\/2023\/03\/20220509_172426-300x225.jpg 300w, https:\/\/www.kocpalet.com\/wp-content\/uploads\/2023\/03\/20220509_172426-768x576.jpg 768w, https:\/\/www.kocpalet.com\/wp-content\/uploads\/2023\/03\/20220509_172426-1536x1152.jpg 1536w, https:\/\/www.kocpalet.com\/wp-content\/uploads\/2023\/03\/20220509_172426-2048x1536.jpg 2048w\" sizes=\"(max-width: 1024px) 100vw, 1024px\" \/><\/figure>\n\n\n\n<figure class=\"wp-block-image size-large\"><img loading=\"lazy\" decoding=\"async\" width=\"768\" height=\"1024\" data-id=\"532\" src=\"https:\/\/www.kocpalet.com\/wp-content\/uploads\/2023\/03\/IMG_20220618_190038_HDR-768x1024.jpg\" alt=\"\" class=\"wp-image-532\" srcset=\"https:\/\/www.kocpalet.com\/wp-content\/uploads\/2023\/03\/IMG_20220618_190038_HDR-768x1024.jpg 768w, https:\/\/www.kocpalet.com\/wp-content\/uploads\/2023\/03\/IMG_20220618_190038_HDR-scaled-600x800.jpg 600w, https:\/\/www.kocpalet.com\/wp-content\/uploads\/2023\/03\/IMG_20220618_190038_HDR-225x300.jpg 225w, https:\/\/www.kocpalet.com\/wp-content\/uploads\/2023\/03\/IMG_20220618_190038_HDR-1152x1536.jpg 1152w, https:\/\/www.kocpalet.com\/wp-content\/uploads\/2023\/03\/IMG_20220618_190038_HDR-1536x2048.jpg 1536w, https:\/\/www.kocpalet.com\/wp-content\/uploads\/2023\/03\/IMG_20220618_190038_HDR-scaled.jpg 1920w\" sizes=\"(max-width: 768px) 100vw, 768px\" \/><\/figure>\n\n\n\n<figure class=\"wp-block-image size-large\"><img loading=\"lazy\" decoding=\"async\" width=\"768\" height=\"1024\" data-id=\"537\" src=\"https:\/\/www.kocpalet.com\/wp-content\/uploads\/2023\/03\/IMG_20220628_073305-768x1024.jpg\" alt=\"\" class=\"wp-image-537\" srcset=\"https:\/\/www.kocpalet.com\/wp-content\/uploads\/2023\/03\/IMG_20220628_073305-768x1024.jpg 768w, https:\/\/www.kocpalet.com\/wp-content\/uploads\/2023\/03\/IMG_20220628_073305-scaled-600x800.jpg 600w, https:\/\/www.kocpalet.com\/wp-content\/uploads\/2023\/03\/IMG_20220628_073305-225x300.jpg 225w, https:\/\/www.kocpalet.com\/wp-content\/uploads\/2023\/03\/IMG_20220628_073305-1152x1536.jpg 1152w, https:\/\/www.kocpalet.com\/wp-content\/uploads\/2023\/03\/IMG_20220628_073305-1536x2048.jpg 1536w, https:\/\/www.kocpalet.com\/wp-content\/uploads\/2023\/03\/IMG_20220628_073305-scaled.jpg 1920w\" sizes=\"(max-width: 768px) 100vw, 768px\" \/><\/figure>\n\n\n\n<figure class=\"wp-block-image size-large\"><img loading=\"lazy\" decoding=\"async\" width=\"1024\" height=\"768\" data-id=\"533\" src=\"https:\/\/www.kocpalet.com\/wp-content\/uploads\/2023\/03\/IMG_20220628_200050-1024x768.jpg\" alt=\"\" class=\"wp-image-533\" srcset=\"https:\/\/www.kocpalet.com\/wp-content\/uploads\/2023\/03\/IMG_20220628_200050-1024x768.jpg 1024w, https:\/\/www.kocpalet.com\/wp-content\/uploads\/2023\/03\/IMG_20220628_200050-scaled-600x450.jpg 600w, https:\/\/www.kocpalet.com\/wp-content\/uploads\/2023\/03\/IMG_20220628_200050-300x225.jpg 300w, https:\/\/www.kocpalet.com\/wp-content\/uploads\/2023\/03\/IMG_20220628_200050-768x576.jpg 768w, https:\/\/www.kocpalet.com\/wp-content\/uploads\/2023\/03\/IMG_20220628_200050-1536x1152.jpg 1536w, https:\/\/www.kocpalet.com\/wp-content\/uploads\/2023\/03\/IMG_20220628_200050-2048x1536.jpg 2048w\" sizes=\"(max-width: 1024px) 100vw, 1024px\" \/><\/figure>\n\n\n\n<figure class=\"wp-block-image size-large\"><img loading=\"lazy\" decoding=\"async\" width=\"768\" height=\"1024\" data-id=\"534\" src=\"https:\/\/www.kocpalet.com\/wp-content\/uploads\/2023\/03\/IMG_20220830_125156-768x1024.jpg\" alt=\"\" class=\"wp-image-534\" srcset=\"https:\/\/www.kocpalet.com\/wp-content\/uploads\/2023\/03\/IMG_20220830_125156-768x1024.jpg 768w, https:\/\/www.kocpalet.com\/wp-content\/uploads\/2023\/03\/IMG_20220830_125156-scaled-600x800.jpg 600w, https:\/\/www.kocpalet.com\/wp-content\/uploads\/2023\/03\/IMG_20220830_125156-225x300.jpg 225w, https:\/\/www.kocpalet.com\/wp-content\/uploads\/2023\/03\/IMG_20220830_125156-1152x1536.jpg 1152w, https:\/\/www.kocpalet.com\/wp-content\/uploads\/2023\/03\/IMG_20220830_125156-1536x2048.jpg 1536w, https:\/\/www.kocpalet.com\/wp-content\/uploads\/2023\/03\/IMG_20220830_125156-scaled.jpg 1920w\" sizes=\"(max-width: 768px) 100vw, 768px\" \/><\/figure>\n\n\n\n<figure class=\"wp-block-image size-large\"><img loading=\"lazy\" decoding=\"async\" width=\"768\" height=\"1024\" data-id=\"538\" src=\"https:\/\/www.kocpalet.com\/wp-content\/uploads\/2023\/03\/IMG_20220924_140315_HDR-768x1024.jpg\" alt=\"\" class=\"wp-image-538\" srcset=\"https:\/\/www.kocpalet.com\/wp-content\/uploads\/2023\/03\/IMG_20220924_140315_HDR-768x1024.jpg 768w, https:\/\/www.kocpalet.com\/wp-content\/uploads\/2023\/03\/IMG_20220924_140315_HDR-scaled-600x800.jpg 600w, https:\/\/www.kocpalet.com\/wp-content\/uploads\/2023\/03\/IMG_20220924_140315_HDR-225x300.jpg 225w, https:\/\/www.kocpalet.com\/wp-content\/uploads\/2023\/03\/IMG_20220924_140315_HDR-1152x1536.jpg 1152w, https:\/\/www.kocpalet.com\/wp-content\/uploads\/2023\/03\/IMG_20220924_140315_HDR-1536x2048.jpg 1536w, https:\/\/www.kocpalet.com\/wp-content\/uploads\/2023\/03\/IMG_20220924_140315_HDR-scaled.jpg 1920w\" sizes=\"(max-width: 768px) 100vw, 768px\" \/><\/figure>\n\n\n\n<figure class=\"wp-block-image size-large\"><img loading=\"lazy\" decoding=\"async\" width=\"1024\" height=\"768\" data-id=\"535\" src=\"https:\/\/www.kocpalet.com\/wp-content\/uploads\/2023\/03\/IMG_20220924_140656_HDR-1024x768.jpg\" alt=\"\" class=\"wp-image-535\" srcset=\"https:\/\/www.kocpalet.com\/wp-content\/uploads\/2023\/03\/IMG_20220924_140656_HDR-1024x768.jpg 1024w, https:\/\/www.kocpalet.com\/wp-content\/uploads\/2023\/03\/IMG_20220924_140656_HDR-scaled-600x450.jpg 600w, https:\/\/www.kocpalet.com\/wp-content\/uploads\/2023\/03\/IMG_20220924_140656_HDR-300x225.jpg 300w, https:\/\/www.kocpalet.com\/wp-content\/uploads\/2023\/03\/IMG_20220924_140656_HDR-768x576.jpg 768w, https:\/\/www.kocpalet.com\/wp-content\/uploads\/2023\/03\/IMG_20220924_140656_HDR-1536x1152.jpg 1536w, https:\/\/www.kocpalet.com\/wp-content\/uploads\/2023\/03\/IMG_20220924_140656_HDR-2048x1536.jpg 2048w\" sizes=\"(max-width: 1024px) 100vw, 1024px\" \/><\/figure>\n\n\n\n<figure class=\"wp-block-image size-large\"><img loading=\"lazy\" decoding=\"async\" width=\"1024\" height=\"768\" data-id=\"536\" src=\"https:\/\/www.kocpalet.com\/wp-content\/uploads\/2023\/03\/IMG-20230310-WA0001-1024x768.jpg\" alt=\"\" class=\"wp-image-536\" srcset=\"https:\/\/www.kocpalet.com\/wp-content\/uploads\/2023\/03\/IMG-20230310-WA0001-1024x768.jpg 1024w, https:\/\/www.kocpalet.com\/wp-content\/uploads\/2023\/03\/IMG-20230310-WA0001-600x450.jpg 600w, https:\/\/www.kocpalet.com\/wp-content\/uploads\/2023\/03\/IMG-20230310-WA0001-300x225.jpg 300w, https:\/\/www.kocpalet.com\/wp-content\/uploads\/2023\/03\/IMG-20230310-WA0001-768x576.jpg 768w, https:\/\/www.kocpalet.com\/wp-content\/uploads\/2023\/03\/IMG-20230310-WA0001-1536x1152.jpg 1536w, https:\/\/www.kocpalet.com\/wp-content\/uploads\/2023\/03\/IMG-20230310-WA0001.jpg 2048w\" sizes=\"(max-width: 1024px) 100vw, 1024px\" \/><\/figure>\n<\/figure>\n","protected":false},"excerpt":{"rendered":"<p>Ah\u015fap saks\u0131lar, bitkilerinizi sergilemek ve evinizde do\u011fal bir ortam yaratmak i\u00e7in m\u00fckemmel bir se\u00e7enektir. Web sitemizdeki ah\u015fap saks\u0131lar, y\u00fcksek kaliteli ah\u015fap malzemeler kullan\u0131larak \u00fcretilir ve \u00f6zenle i\u015flenir. Her bir saks\u0131m\u0131z, uzun \u00f6m\u00fcrl\u00fc ve dayan\u0131kl\u0131d\u0131r. Ah\u015fap saks\u0131lar\u0131m\u0131z, farkl\u0131 boyut ve \u015fekillerde mevcuttur ve m\u00fc\u015fterilerimizin ihtiya\u00e7lar\u0131na uyacak \u015fekilde \u00f6zelle\u015ftirilebilirler. Ayr\u0131ca, saks\u0131lar\u0131m\u0131z\u0131n i\u00e7ine yerle\u015ftirilebilecek farkl\u0131 renklerdeki plastik kaplar da mevcuttur. Web sitemizdeki ah\u015fap [&hellip;]<\/p>\n","protected":false},"author":1,"featured_media":0,"parent":0,"menu_order":0,"comment_status":"closed","ping_status":"closed","template":"","meta":{"_eb_attr":"","_joinchat":[],"footnotes":""},"class_list":["post-515","page","type-page","status-publish","hentry"],"_links":{"self":[{"href":"https:\/\/www.kocpalet.com\/index.php\/wp-json\/wp\/v2\/pages\/515","targetHints":{"allow":["GET"]}}],"collection":[{"href":"https:\/\/www.kocpalet.com\/index.php\/wp-json\/wp\/v2\/pages"}],"about":[{"href":"https:\/\/www.kocpalet.com\/index.php\/wp-json\/wp\/v2\/types\/page"}],"author":[{"embeddable":true,"href":"https:\/\/www.kocpalet.com\/index.php\/wp-json\/wp\/v2\/users\/1"}],"replies":[{"embeddable":true,"href":"https:\/\/www.kocpalet.com\/index.php\/wp-json\/wp\/v2\/comments?post=515"}],"version-history":[{"count":4,"href":"https:\/\/www.kocpalet.com\/index.php\/wp-json\/wp\/v2\/pages\/515\/revisions"}],"predecessor-version":[{"id":700,"href":"https:\/\/www.kocpalet.com\/index.php\/wp-json\/wp\/v2\/pages\/515\/revisions\/700"}],"wp:attachment":[{"href":"https:\/\/www.kocpalet.com\/index.php\/wp-json\/wp\/v2\/media?parent=515"}],"curies":[{"name":"wp","href":"https:\/\/api.w.org\/{rel}","templated":true}]}}