{"id":719,"date":"2023-04-02T02:20:25","date_gmt":"2023-04-01T23:20:25","guid":{"rendered":"https:\/\/www.kocpalet.com\/?page_id=719"},"modified":"2023-04-02T02:20:25","modified_gmt":"2023-04-01T23:20:25","slug":"satilik-urunler","status":"publish","type":"page","link":"https:\/\/www.kocpalet.com\/index.php\/satilik-urunler\/","title":{"rendered":"Sat\u0131l\u0131k \u00dcr\u00fcnler"},"content":{"rendered":"\n<div class=\"wp-block-query is-layout-flow wp-block-query-is-layout-flow\"><ul class=\"is-flex-container columns-3 wp-block-post-template is-layout-flow wp-block-post-template-is-layout-flow\"><li class=\"wp-block-post post-850 post type-post status-publish format-standard has-post-thumbnail hentry category-genel\">\n\n\n<h3 class=\"has-text-align-center wp-block-post-title has-medium-font-size\">Bursa Ah\u015fap Ambalaj Sand\u0131\u011f\u0131<\/h3>\n\n\n<\/li><li class=\"wp-block-post post-836 post type-post status-publish format-standard has-post-thumbnail hentry category-genel\">\n\n\n<h3 class=\"has-text-align-center wp-block-post-title has-medium-font-size\">Bursa Palet<\/h3>\n\n\n<\/li><li class=\"wp-block-post post-842 post type-post status-publish format-standard has-post-thumbnail hentry category-genel\">\n\n\n<h3 class=\"has-text-align-center wp-block-post-title has-medium-font-size\">ISPM 15 Is\u0131l \u0130\u015flem<\/h3>\n\n\n<\/li><li class=\"wp-block-post post-832 post type-post status-publish format-standard has-post-thumbnail hentry category-genel\">\n\n\n<h3 class=\"has-text-align-center wp-block-post-title has-medium-font-size\">K\u00f6pek K\u00fclebeleri<\/h3>\n\n\n<\/li><\/ul>\n\n\n\n<\/div>\n","protected":false},"excerpt":{"rendered":"","protected":false},"author":1,"featured_media":0,"parent":0,"menu_order":0,"comment_status":"closed","ping_status":"closed","template":"","meta":{"_eb_attr":"","_joinchat":[],"footnotes":""},"class_list":["post-719","page","type-page","status-publish","hentry"],"_links":{"self":[{"href":"https:\/\/www.kocpalet.com\/index.php\/wp-json\/wp\/v2\/pages\/719","targetHints":{"allow":["GET"]}}],"collection":[{"href":"https:\/\/www.kocpalet.com\/index.php\/wp-json\/wp\/v2\/pages"}],"about":[{"href":"https:\/\/www.kocpalet.com\/index.php\/wp-json\/wp\/v2\/types\/page"}],"author":[{"embeddable":true,"href":"https:\/\/www.kocpalet.com\/index.php\/wp-json\/wp\/v2\/users\/1"}],"replies":[{"embeddable":true,"href":"https:\/\/www.kocpalet.com\/index.php\/wp-json\/wp\/v2\/comments?post=719"}],"version-history":[{"count":1,"href":"https:\/\/www.kocpalet.com\/index.php\/wp-json\/wp\/v2\/pages\/719\/revisions"}],"predecessor-version":[{"id":720,"href":"https:\/\/www.kocpalet.com\/index.php\/wp-json\/wp\/v2\/pages\/719\/revisions\/720"}],"wp:attachment":[{"href":"https:\/\/www.kocpalet.com\/index.php\/wp-json\/wp\/v2\/media?parent=719"}],"curies":[{"name":"wp","href":"https:\/\/api.w.org\/{rel}","templated":true}]}}