{"id":801,"date":"2023-04-02T21:42:21","date_gmt":"2023-04-02T18:42:21","guid":{"rendered":"https:\/\/www.kocpalet.com\/?page_id=801"},"modified":"2023-04-02T21:43:34","modified_gmt":"2023-04-02T18:43:34","slug":"tavuk-kumesi","status":"publish","type":"page","link":"https:\/\/www.kocpalet.com\/index.php\/tavuk-kumesi\/","title":{"rendered":"Tavuk K\u00fcmesi"},"content":{"rendered":"\t\t<div data-elementor-type=\"wp-page\" data-elementor-id=\"801\" class=\"elementor elementor-801\">\n\t\t\t\t\t\t<section class=\"elementor-section elementor-top-section elementor-element elementor-element-bf4e929 elementor-section-stretched elementor-section-boxed elementor-section-height-default elementor-section-height-default\" data-id=\"bf4e929\" data-element_type=\"section\" data-e-type=\"section\" data-settings=\"{&quot;stretch_section&quot;:&quot;section-stretched&quot;}\">\n\t\t\t\t\t\t<div class=\"elementor-container elementor-column-gap-default\">\n\t\t\t\t\t<div class=\"elementor-column elementor-col-100 elementor-top-column elementor-element elementor-element-9cebd15\" data-id=\"9cebd15\" data-element_type=\"column\" data-e-type=\"column\">\n\t\t\t<div class=\"elementor-widget-wrap elementor-element-populated\">\n\t\t\t\t\t\t<div class=\"elementor-element elementor-element-3cff909 elementor-widget elementor-widget-text-editor\" data-id=\"3cff909\" data-element_type=\"widget\" data-e-type=\"widget\" data-widget_type=\"text-editor.default\">\n\t\t\t\t<div class=\"elementor-widget-container\">\n\t\t\t\t\t\t\t\t\t<p>Tavuk k\u00fcmesi, evcil hayvanlar\u0131n\u0131z\u0131n rahat ve g\u00fcvenli bir \u015fekilde ya\u015fayabilece\u011fi bir yerdir. Web sitemizdeki tavuk k\u00fcmesleri, y\u00fcksek kaliteli ah\u015fap malzemeler kullan\u0131larak \u00fcretilmi\u015ftir ve \u00f6zenle i\u015flenmi\u015ftir. Tavuk k\u00fcmeslerimiz, dayan\u0131kl\u0131 ve sa\u011flamd\u0131r, b\u00f6ylece tavuklar\u0131n\u0131z i\u00e7in uzun \u00f6m\u00fcrl\u00fc bir yuva sa\u011flayabilirsiniz.<\/p><p>Tavuklar\u0131n\u0131z\u0131n sa\u011fl\u0131kl\u0131 ve mutlu kalmas\u0131 i\u00e7in, tavuk k\u00fcmeslerimiz \u00f6zel olarak tasarlanm\u0131\u015ft\u0131r. K\u00fcmeslerimiz, tavuklar\u0131n\u0131z\u0131n rahat bir uyku \u00e7ekebilece\u011fi, g\u00fcvenli bir alan sa\u011flar. Ayr\u0131ca, k\u00fcmeslerimiz, tavuklar\u0131n\u0131z\u0131n g\u00fcnl\u00fck egzersizlerini yapabilecekleri, d\u0131\u015far\u0131daki do\u011fal alan\u0131 hissetmelerine izin verir.<\/p><p>Web sitemizdeki tavuk k\u00fcmesleri, farkl\u0131 boyut ve \u015fekillerde mevcuttur ve m\u00fc\u015fterilerimizin ihtiya\u00e7lar\u0131na uyacak \u015fekilde \u00f6zelle\u015ftirilebilirler. K\u00fcmeslerimiz, \u015f\u0131k ve modern tasar\u0131mlar\u0131 ile evinizin dekorasyonuna uyum sa\u011flar.<\/p><p>Tavuk k\u00fcmeslerimiz, kolay temizlenebilir malzemelerle \u00fcretilir. B\u00f6ylece temizlik i\u015fleri sizi zorlamaz ve tavuklar\u0131n\u0131z\u0131n sa\u011fl\u0131kl\u0131 bir ortamda ya\u015famas\u0131n\u0131 sa\u011flars\u0131n\u0131z. Ayr\u0131ca, k\u00fcmeslerimiz \u00e7evre dostu malzemeler kullan\u0131larak \u00fcretilir, b\u00f6ylece \u00e7evreye de katk\u0131 sa\u011flam\u0131\u015f olursunuz.<\/p><p>Siz de web sitemizden tavuk k\u00fcmesi sat\u0131n alabilir veya m\u00fc\u015fteri temsilcilerimizle ileti\u015fime ge\u00e7erek ihtiya\u00e7lar\u0131n\u0131za uygun bir tavuk k\u00fcmesi tasarlat\u0131n. Tavuklar\u0131n\u0131z\u0131n mutlu ve sa\u011fl\u0131kl\u0131 olmas\u0131n\u0131 sa\u011flamak i\u00e7in bug\u00fcn bizimle ileti\u015fime ge\u00e7in.<\/p>\t\t\t\t\t\t\t\t<\/div>\n\t\t\t\t<\/div>\n\t\t\t\t\t<\/div>\n\t\t<\/div>\n\t\t\t\t\t<\/div>\n\t\t<\/section>\n\t\t\t\t<section class=\"elementor-section elementor-top-section elementor-element elementor-element-2a73ac3 elementor-section-stretched elementor-section-boxed elementor-section-height-default elementor-section-height-default\" data-id=\"2a73ac3\" data-element_type=\"section\" data-e-type=\"section\" data-settings=\"{&quot;stretch_section&quot;:&quot;section-stretched&quot;}\">\n\t\t\t\t\t\t<div class=\"elementor-container elementor-column-gap-default\">\n\t\t\t\t\t<div class=\"elementor-column elementor-col-100 elementor-top-column elementor-element elementor-element-4f29a10\" data-id=\"4f29a10\" data-element_type=\"column\" data-e-type=\"column\">\n\t\t\t<div class=\"elementor-widget-wrap elementor-element-populated\">\n\t\t\t\t\t\t<div class=\"elementor-element elementor-element-951ab58 elementor-widget elementor-widget-image-gallery\" data-id=\"951ab58\" data-element_type=\"widget\" data-e-type=\"widget\" data-widget_type=\"image-gallery.default\">\n\t\t\t\t<div class=\"elementor-widget-container\">\n\t\t\t\t\t\t\t<div class=\"elementor-image-gallery\">\n\t\t\t<div id='gallery-1' class='gallery galleryid-801 gallery-columns-4 gallery-size-bizberg_blog_list_no_sidebar_1'><figure class='gallery-item'>\n\t\t\t<div class='gallery-icon landscape'>\n\t\t\t\t<a data-elementor-open-lightbox=\"yes\" data-elementor-lightbox-slideshow=\"951ab58\" data-elementor-lightbox-title=\"20170702_122836\" data-e-action-hash=\"#elementor-action%3Aaction%3Dlightbox%26settings%3DeyJpZCI6ODAzLCJ1cmwiOiJodHRwczpcL1wvd3d3LmtvY3BhbGV0LmNvbVwvd3AtY29udGVudFwvdXBsb2Fkc1wvMjAyM1wvMDRcLzIwMTcwNzAyXzEyMjgzNi5qcGciLCJzbGlkZXNob3ciOiI5NTFhYjU4In0%3D\" href='https:\/\/www.kocpalet.com\/wp-content\/uploads\/2023\/04\/20170702_122836.jpg'><img decoding=\"async\" width=\"220\" height=\"190\" src=\"https:\/\/www.kocpalet.com\/wp-content\/uploads\/2023\/04\/20170702_122836-220x190.jpg\" class=\"attachment-bizberg_blog_list_no_sidebar_1 size-bizberg_blog_list_no_sidebar_1\" alt=\"\" \/><\/a>\n\t\t\t<\/div><\/figure><figure class='gallery-item'>\n\t\t\t<div class='gallery-icon landscape'>\n\t\t\t\t<a data-elementor-open-lightbox=\"yes\" data-elementor-lightbox-slideshow=\"951ab58\" data-elementor-lightbox-title=\"20170702_153609\" data-e-action-hash=\"#elementor-action%3Aaction%3Dlightbox%26settings%3DeyJpZCI6ODA0LCJ1cmwiOiJodHRwczpcL1wvd3d3LmtvY3BhbGV0LmNvbVwvd3AtY29udGVudFwvdXBsb2Fkc1wvMjAyM1wvMDRcLzIwMTcwNzAyXzE1MzYwOS5qcGciLCJzbGlkZXNob3ciOiI5NTFhYjU4In0%3D\" href='https:\/\/www.kocpalet.com\/wp-content\/uploads\/2023\/04\/20170702_153609.jpg'><img decoding=\"async\" width=\"220\" height=\"190\" src=\"https:\/\/www.kocpalet.com\/wp-content\/uploads\/2023\/04\/20170702_153609-220x190.jpg\" class=\"attachment-bizberg_blog_list_no_sidebar_1 size-bizberg_blog_list_no_sidebar_1\" alt=\"\" \/><\/a>\n\t\t\t<\/div><\/figure><figure class='gallery-item'>\n\t\t\t<div class='gallery-icon landscape'>\n\t\t\t\t<a data-elementor-open-lightbox=\"yes\" data-elementor-lightbox-slideshow=\"951ab58\" data-elementor-lightbox-title=\"20220515_151353\" data-e-action-hash=\"#elementor-action%3Aaction%3Dlightbox%26settings%3DeyJpZCI6ODA1LCJ1cmwiOiJodHRwczpcL1wvd3d3LmtvY3BhbGV0LmNvbVwvd3AtY29udGVudFwvdXBsb2Fkc1wvMjAyM1wvMDRcLzIwMjIwNTE1XzE1MTM1My5qcGciLCJzbGlkZXNob3ciOiI5NTFhYjU4In0%3D\" href='https:\/\/www.kocpalet.com\/wp-content\/uploads\/2023\/04\/20220515_151353.jpg'><img decoding=\"async\" width=\"220\" height=\"190\" src=\"https:\/\/www.kocpalet.com\/wp-content\/uploads\/2023\/04\/20220515_151353-220x190.jpg\" class=\"attachment-bizberg_blog_list_no_sidebar_1 size-bizberg_blog_list_no_sidebar_1\" alt=\"\" \/><\/a>\n\t\t\t<\/div><\/figure><figure class='gallery-item'>\n\t\t\t<div class='gallery-icon landscape'>\n\t\t\t\t<a data-elementor-open-lightbox=\"yes\" data-elementor-lightbox-slideshow=\"951ab58\" data-elementor-lightbox-title=\"DSC01912\" data-e-action-hash=\"#elementor-action%3Aaction%3Dlightbox%26settings%3DeyJpZCI6ODA2LCJ1cmwiOiJodHRwczpcL1wvd3d3LmtvY3BhbGV0LmNvbVwvd3AtY29udGVudFwvdXBsb2Fkc1wvMjAyM1wvMDRcL0RTQzAxOTEyLmpwZyIsInNsaWRlc2hvdyI6Ijk1MWFiNTgifQ%3D%3D\" href='https:\/\/www.kocpalet.com\/wp-content\/uploads\/2023\/04\/DSC01912.jpg'><img loading=\"lazy\" decoding=\"async\" width=\"220\" height=\"190\" src=\"https:\/\/www.kocpalet.com\/wp-content\/uploads\/2023\/04\/DSC01912-220x190.jpg\" class=\"attachment-bizberg_blog_list_no_sidebar_1 size-bizberg_blog_list_no_sidebar_1\" alt=\"\" \/><\/a>\n\t\t\t<\/div><\/figure>\n\t\t<\/div>\n\t\t<\/div>\n\t\t\t\t\t\t<\/div>\n\t\t\t\t<\/div>\n\t\t\t\t\t<\/div>\n\t\t<\/div>\n\t\t\t\t\t<\/div>\n\t\t<\/section>\n\t\t\t\t<\/div>\n\t\t","protected":false},"excerpt":{"rendered":"<p>Tavuk k\u00fcmesi, evcil hayvanlar\u0131n\u0131z\u0131n rahat ve g\u00fcvenli bir \u015fekilde ya\u015fayabilece\u011fi bir yerdir. Web sitemizdeki tavuk k\u00fcmesleri, y\u00fcksek kaliteli ah\u015fap malzemeler kullan\u0131larak \u00fcretilmi\u015ftir ve \u00f6zenle i\u015flenmi\u015ftir. Tavuk k\u00fcmeslerimiz, dayan\u0131kl\u0131 ve sa\u011flamd\u0131r, b\u00f6ylece tavuklar\u0131n\u0131z i\u00e7in uzun \u00f6m\u00fcrl\u00fc bir yuva sa\u011flayabilirsiniz. Tavuklar\u0131n\u0131z\u0131n sa\u011fl\u0131kl\u0131 ve mutlu kalmas\u0131 i\u00e7in, tavuk k\u00fcmeslerimiz \u00f6zel olarak tasarlanm\u0131\u015ft\u0131r. K\u00fcmeslerimiz, tavuklar\u0131n\u0131z\u0131n rahat bir uyku \u00e7ekebilece\u011fi, g\u00fcvenli bir alan sa\u011flar. Ayr\u0131ca, [&hellip;]<\/p>\n","protected":false},"author":1,"featured_media":0,"parent":0,"menu_order":0,"comment_status":"closed","ping_status":"closed","template":"","meta":{"_eb_attr":"","_joinchat":[],"footnotes":""},"class_list":["post-801","page","type-page","status-publish","hentry"],"_links":{"self":[{"href":"https:\/\/www.kocpalet.com\/index.php\/wp-json\/wp\/v2\/pages\/801","targetHints":{"allow":["GET"]}}],"collection":[{"href":"https:\/\/www.kocpalet.com\/index.php\/wp-json\/wp\/v2\/pages"}],"about":[{"href":"https:\/\/www.kocpalet.com\/index.php\/wp-json\/wp\/v2\/types\/page"}],"author":[{"embeddable":true,"href":"https:\/\/www.kocpalet.com\/index.php\/wp-json\/wp\/v2\/users\/1"}],"replies":[{"embeddable":true,"href":"https:\/\/www.kocpalet.com\/index.php\/wp-json\/wp\/v2\/comments?post=801"}],"version-history":[{"count":4,"href":"https:\/\/www.kocpalet.com\/index.php\/wp-json\/wp\/v2\/pages\/801\/revisions"}],"predecessor-version":[{"id":809,"href":"https:\/\/www.kocpalet.com\/index.php\/wp-json\/wp\/v2\/pages\/801\/revisions\/809"}],"wp:attachment":[{"href":"https:\/\/www.kocpalet.com\/index.php\/wp-json\/wp\/v2\/media?parent=801"}],"curies":[{"name":"wp","href":"https:\/\/api.w.org\/{rel}","templated":true}]}}