{"id":834,"date":"2023-04-16T23:17:54","date_gmt":"2023-04-16T20:17:54","guid":{"rendered":"https:\/\/www.kocpalet.com\/?page_id=834"},"modified":"2023-04-16T23:27:48","modified_gmt":"2023-04-16T20:27:48","slug":"blog","status":"publish","type":"page","link":"https:\/\/www.kocpalet.com\/index.php\/blog\/","title":{"rendered":"Blog"},"content":{"rendered":"\t\t<div data-elementor-type=\"wp-page\" data-elementor-id=\"834\" class=\"elementor elementor-834\">\n\t\t\t\t\t\t<section class=\"elementor-section elementor-top-section elementor-element elementor-element-37beb85 elementor-section-boxed elementor-section-height-default elementor-section-height-default\" data-id=\"37beb85\" data-element_type=\"section\" data-e-type=\"section\">\n\t\t\t\t\t\t<div class=\"elementor-container elementor-column-gap-default\">\n\t\t\t\t\t<div class=\"elementor-column elementor-col-100 elementor-top-column elementor-element elementor-element-24688c8\" data-id=\"24688c8\" data-element_type=\"column\" data-e-type=\"column\">\n\t\t\t<div class=\"elementor-widget-wrap\">\n\t\t\t\t\t\t\t<\/div>\n\t\t<\/div>\n\t\t\t\t\t<\/div>\n\t\t<\/section>\n\t\t\t\t<\/div>\n\t\t","protected":false},"excerpt":{"rendered":"<p>Bursa Ah\u015fap Ambalaj Sand\u0131\u011f\u0131 16 Nisan 2023 admin Ah\u015fap ambalaj sand\u0131\u011f\u0131, bir\u00e7ok farkl\u0131 sekt\u00f6rde kullan\u0131lan \u00f6nemli bir \u00fcr\u00fcnd\u00fcr. \u00d6zellikle ihracat yapmak isteyen firmalar i\u00e7in, ambalaj malzemelerinin kalitesi ve g\u00fcvenli\u011fi olduk\u00e7a \u00f6nemlidir. Bu nedenle, Ko\u00e7 Palet Orman, m\u00fc\u015fterilerinin ihtiya\u00e7lar\u0131na uygun kaliteli ah\u015fap ambalaj sand\u0131klar\u0131 \u00fcretmektedir. Ko\u00e7 Palet Orman, ah\u015fap ambalaj sand\u0131\u011f\u0131 \u00fcretiminde modern teknolojiler kullanarak m\u00fc\u015fterilerine en kaliteli \u00fcr\u00fcnleri sunmay\u0131 hedeflemektedir. [&hellip;]<\/p>\n","protected":false},"author":1,"featured_media":0,"parent":0,"menu_order":0,"comment_status":"closed","ping_status":"closed","template":"","meta":{"_eb_attr":"","_joinchat":[],"footnotes":""},"class_list":["post-834","page","type-page","status-publish","hentry"],"_links":{"self":[{"href":"https:\/\/www.kocpalet.com\/index.php\/wp-json\/wp\/v2\/pages\/834","targetHints":{"allow":["GET"]}}],"collection":[{"href":"https:\/\/www.kocpalet.com\/index.php\/wp-json\/wp\/v2\/pages"}],"about":[{"href":"https:\/\/www.kocpalet.com\/index.php\/wp-json\/wp\/v2\/types\/page"}],"author":[{"embeddable":true,"href":"https:\/\/www.kocpalet.com\/index.php\/wp-json\/wp\/v2\/users\/1"}],"replies":[{"embeddable":true,"href":"https:\/\/www.kocpalet.com\/index.php\/wp-json\/wp\/v2\/comments?post=834"}],"version-history":[{"count":8,"href":"https:\/\/www.kocpalet.com\/index.php\/wp-json\/wp\/v2\/pages\/834\/revisions"}],"predecessor-version":[{"id":855,"href":"https:\/\/www.kocpalet.com\/index.php\/wp-json\/wp\/v2\/pages\/834\/revisions\/855"}],"wp:attachment":[{"href":"https:\/\/www.kocpalet.com\/index.php\/wp-json\/wp\/v2\/media?parent=834"}],"curies":[{"name":"wp","href":"https:\/\/api.w.org\/{rel}","templated":true}]}}